{"id":9496,"date":"2021-03-15T14:18:22","date_gmt":"2021-03-15T14:18:22","guid":{"rendered":"https:\/\/www.acten.com\/product\/acten-subscription\/"},"modified":"2024-10-17T08:25:38","modified_gmt":"2024-10-17T06:25:38","slug":"acten-subscription","status":"publish","type":"product","link":"https:\/\/www.acten.com\/de\/produkt\/acten-subscription\/","title":{"rendered":"ACTEN Abo"},"content":{"rendered":"<p>W\u00e4hlen Sie die Anzahl der Boxen und die Lieferfrequenz<\/p>\n<p>ABONNIEREN &amp; SPAREN<\/p>\n<p>Mit einem Abonnement erhalten Sie Ihre Acten, wann immer Sie wollen, mit einem unschlagbaren Preisvorteil. Automatisch und sorgenfrei k\u00f6nnen Sie Ihre Bestellung jederzeit und problemlos stornieren oder anpassen. Ihre Zahlungsmethode wird erst unmittelbar vor dem Versand Ihrer Bestellung belastet. Ihr ACTEN-Abonnement l\u00e4uft bis zur K\u00fcndigung weiter. Sie k\u00f6nnen Ihre ACTEN-Abonnements jederzeit auf das Ende des folge Monats in Ihrem Konto-Dashboard oder durch Kontaktaufnahme mit dem ACTEN-Kundendienst k\u00fcndigen oder \u00e4ndern.<\/p>\n<p>Weitere Informationen finden Sie in den vollst\u00e4ndigen <a href=\"https:\/\/www.acten.com\/de\/abo-programm\/\">ACTEN-Abonnement-Bedingungen<\/a><\/p>\n<p>Lieferzeit 3-5 Arbeitstage<\/p>\n<p>&nbsp;<\/p>\n","protected":false},"excerpt":{"rendered":"<p>W\u00e4hlen Sie die Anzahl der Boxen und die Lieferfrequenz ABONNIEREN &amp; SPAREN Mit einem Abonnement erhalten Sie Ihre Acten, wann immer Sie wollen, mit einem unschlagbaren Preisvorteil. Automatisch und sorgenfrei k\u00f6nnen Sie Ihre Bestellung jederzeit und problemlos stornieren oder anpassen. Ihre Zahlungsmethode wird erst unmittelbar vor dem Versand Ihrer Bestellung belastet. Ihr ACTEN-Abonnement l\u00e4uft bis&#8230;<\/p>\n","protected":false},"featured_media":11897,"template":"","meta":[],"product_cat":[31],"product_tag":[],"yoast_head":"<!-- This site is optimized with the Yoast SEO plugin v21.4 - https:\/\/yoast.com\/wordpress\/plugins\/seo\/ -->\n<title>ACTEN Abo - ACTEN<\/title>\n<meta name=\"robots\" content=\"index, follow, max-snippet:-1, max-image-preview:large, max-video-preview:-1\" \/>\n<link rel=\"canonical\" href=\"https:\/\/www.acten.com\/de\/produkt\/acten-subscription\/\" \/>\n<meta property=\"og:locale\" content=\"de_DE\" \/>\n<meta property=\"og:type\" content=\"article\" \/>\n<meta property=\"og:title\" content=\"ACTEN Abo - ACTEN\" \/>\n<meta property=\"og:description\" content=\"W\u00e4hlen Sie die Anzahl der Boxen und die Lieferfrequenz ABONNIEREN &amp; SPAREN Mit einem Abonnement erhalten Sie Ihre Acten, wann immer Sie wollen, mit einem unschlagbaren Preisvorteil. Automatisch und sorgenfrei k\u00f6nnen Sie Ihre Bestellung jederzeit und problemlos stornieren oder anpassen. Ihre Zahlungsmethode wird erst unmittelbar vor dem Versand Ihrer Bestellung belastet. Ihr ACTEN-Abonnement l\u00e4uft bis...\" \/>\n<meta property=\"og:url\" content=\"https:\/\/www.acten.com\/de\/produkt\/acten-subscription\/\" \/>\n<meta property=\"og:site_name\" content=\"ACTEN\" \/>\n<meta property=\"article:modified_time\" content=\"2024-10-17T06:25:38+00:00\" \/>\n<meta property=\"og:image\" content=\"https:\/\/www.acten.com\/wp-content\/uploads\/2021\/02\/3-boxen-shop-Ca\u0301mara.webp\" \/>\n\t<meta property=\"og:image:width\" content=\"600\" \/>\n\t<meta property=\"og:image:height\" content=\"600\" \/>\n\t<meta property=\"og:image:type\" content=\"image\/webp\" \/>\n<meta name=\"twitter:card\" content=\"summary_large_image\" \/>\n<meta name=\"twitter:label1\" content=\"Gesch\u00e4tzte Lesezeit\" \/>\n\t<meta name=\"twitter:data1\" content=\"1 Minute\" \/>\n<script type=\"application\/ld+json\" class=\"yoast-schema-graph\">{\"@context\":\"https:\/\/schema.org\",\"@graph\":[{\"@type\":\"WebPage\",\"@id\":\"https:\/\/www.acten.com\/de\/produkt\/acten-subscription\/\",\"url\":\"https:\/\/www.acten.com\/de\/produkt\/acten-subscription\/\",\"name\":\"ACTEN Abo - ACTEN\",\"isPartOf\":{\"@id\":\"https:\/\/www.acten.com\/de\/#website\"},\"datePublished\":\"2021-03-15T14:18:22+00:00\",\"dateModified\":\"2024-10-17T06:25:38+00:00\",\"breadcrumb\":{\"@id\":\"https:\/\/www.acten.com\/de\/produkt\/acten-subscription\/#breadcrumb\"},\"inLanguage\":\"de-DE\",\"potentialAction\":[{\"@type\":\"ReadAction\",\"target\":[\"https:\/\/www.acten.com\/de\/produkt\/acten-subscription\/\"]}]},{\"@type\":\"BreadcrumbList\",\"@id\":\"https:\/\/www.acten.com\/de\/produkt\/acten-subscription\/#breadcrumb\",\"itemListElement\":[{\"@type\":\"ListItem\",\"position\":1,\"name\":\"Home\",\"item\":\"https:\/\/www.acten.com\/de\/\"},{\"@type\":\"ListItem\",\"position\":2,\"name\":\"Einkauf\",\"item\":\"https:\/\/www.acten.com\/de\/einkauf\/\"},{\"@type\":\"ListItem\",\"position\":3,\"name\":\"ACTEN Abo\"}]},{\"@type\":\"WebSite\",\"@id\":\"https:\/\/www.acten.com\/de\/#website\",\"url\":\"https:\/\/www.acten.com\/de\/\",\"name\":\"ACTEN\",\"description\":\"the natural joint pain relief supplement\",\"publisher\":{\"@id\":\"https:\/\/www.acten.com\/de\/#organization\"},\"potentialAction\":[{\"@type\":\"SearchAction\",\"target\":{\"@type\":\"EntryPoint\",\"urlTemplate\":\"https:\/\/www.acten.com\/de\/?s={search_term_string}\"},\"query-input\":\"required name=search_term_string\"}],\"inLanguage\":\"de-DE\"},{\"@type\":\"Organization\",\"@id\":\"https:\/\/www.acten.com\/de\/#organization\",\"name\":\"Acten\",\"url\":\"https:\/\/www.acten.com\/de\/\",\"logo\":{\"@type\":\"ImageObject\",\"inLanguage\":\"de-DE\",\"@id\":\"https:\/\/www.acten.com\/de\/#\/schema\/logo\/image\/\",\"url\":\"https:\/\/www.acten.com\/wp-content\/uploads\/2021\/03\/acten-claim-1.png\",\"contentUrl\":\"https:\/\/www.acten.com\/wp-content\/uploads\/2021\/03\/acten-claim-1.png\",\"width\":292,\"height\":87,\"caption\":\"Acten\"},\"image\":{\"@id\":\"https:\/\/www.acten.com\/de\/#\/schema\/logo\/image\/\"}}]}<\/script>\n<!-- \/ Yoast SEO plugin. -->","yoast_head_json":{"title":"ACTEN Abo - ACTEN","robots":{"index":"index","follow":"follow","max-snippet":"max-snippet:-1","max-image-preview":"max-image-preview:large","max-video-preview":"max-video-preview:-1"},"canonical":"https:\/\/www.acten.com\/de\/produkt\/acten-subscription\/","og_locale":"de_DE","og_type":"article","og_title":"ACTEN Abo - ACTEN","og_description":"W\u00e4hlen Sie die Anzahl der Boxen und die Lieferfrequenz ABONNIEREN &amp; SPAREN Mit einem Abonnement erhalten Sie Ihre Acten, wann immer Sie wollen, mit einem unschlagbaren Preisvorteil. Automatisch und sorgenfrei k\u00f6nnen Sie Ihre Bestellung jederzeit und problemlos stornieren oder anpassen. Ihre Zahlungsmethode wird erst unmittelbar vor dem Versand Ihrer Bestellung belastet. Ihr ACTEN-Abonnement l\u00e4uft bis...","og_url":"https:\/\/www.acten.com\/de\/produkt\/acten-subscription\/","og_site_name":"ACTEN","article_modified_time":"2024-10-17T06:25:38+00:00","og_image":[{"width":600,"height":600,"url":"https:\/\/www.acten.com\/wp-content\/uploads\/2021\/02\/3-boxen-shop-Ca\u0301mara.webp","type":"image\/webp"}],"twitter_card":"summary_large_image","twitter_misc":{"Gesch\u00e4tzte Lesezeit":"1 Minute"},"schema":{"@context":"https:\/\/schema.org","@graph":[{"@type":"WebPage","@id":"https:\/\/www.acten.com\/de\/produkt\/acten-subscription\/","url":"https:\/\/www.acten.com\/de\/produkt\/acten-subscription\/","name":"ACTEN Abo - ACTEN","isPartOf":{"@id":"https:\/\/www.acten.com\/de\/#website"},"datePublished":"2021-03-15T14:18:22+00:00","dateModified":"2024-10-17T06:25:38+00:00","breadcrumb":{"@id":"https:\/\/www.acten.com\/de\/produkt\/acten-subscription\/#breadcrumb"},"inLanguage":"de-DE","potentialAction":[{"@type":"ReadAction","target":["https:\/\/www.acten.com\/de\/produkt\/acten-subscription\/"]}]},{"@type":"BreadcrumbList","@id":"https:\/\/www.acten.com\/de\/produkt\/acten-subscription\/#breadcrumb","itemListElement":[{"@type":"ListItem","position":1,"name":"Home","item":"https:\/\/www.acten.com\/de\/"},{"@type":"ListItem","position":2,"name":"Einkauf","item":"https:\/\/www.acten.com\/de\/einkauf\/"},{"@type":"ListItem","position":3,"name":"ACTEN Abo"}]},{"@type":"WebSite","@id":"https:\/\/www.acten.com\/de\/#website","url":"https:\/\/www.acten.com\/de\/","name":"ACTEN","description":"the natural joint pain relief supplement","publisher":{"@id":"https:\/\/www.acten.com\/de\/#organization"},"potentialAction":[{"@type":"SearchAction","target":{"@type":"EntryPoint","urlTemplate":"https:\/\/www.acten.com\/de\/?s={search_term_string}"},"query-input":"required name=search_term_string"}],"inLanguage":"de-DE"},{"@type":"Organization","@id":"https:\/\/www.acten.com\/de\/#organization","name":"Acten","url":"https:\/\/www.acten.com\/de\/","logo":{"@type":"ImageObject","inLanguage":"de-DE","@id":"https:\/\/www.acten.com\/de\/#\/schema\/logo\/image\/","url":"https:\/\/www.acten.com\/wp-content\/uploads\/2021\/03\/acten-claim-1.png","contentUrl":"https:\/\/www.acten.com\/wp-content\/uploads\/2021\/03\/acten-claim-1.png","width":292,"height":87,"caption":"Acten"},"image":{"@id":"https:\/\/www.acten.com\/de\/#\/schema\/logo\/image\/"}}]}},"_links":{"self":[{"href":"https:\/\/www.acten.com\/de\/wp-json\/wp\/v2\/product\/9496"}],"collection":[{"href":"https:\/\/www.acten.com\/de\/wp-json\/wp\/v2\/product"}],"about":[{"href":"https:\/\/www.acten.com\/de\/wp-json\/wp\/v2\/types\/product"}],"wp:featuredmedia":[{"embeddable":true,"href":"https:\/\/www.acten.com\/de\/wp-json\/wp\/v2\/media\/11897"}],"wp:attachment":[{"href":"https:\/\/www.acten.com\/de\/wp-json\/wp\/v2\/media?parent=9496"}],"wp:term":[{"taxonomy":"product_cat","embeddable":true,"href":"https:\/\/www.acten.com\/de\/wp-json\/wp\/v2\/product_cat?post=9496"},{"taxonomy":"product_tag","embeddable":true,"href":"https:\/\/www.acten.com\/de\/wp-json\/wp\/v2\/product_tag?post=9496"}],"curies":[{"name":"wp","href":"https:\/\/api.w.org\/{rel}","templated":true}]}}