{"id":8317,"date":"2021-03-10T12:05:01","date_gmt":"2021-03-10T12:05:01","guid":{"rendered":"https:\/\/www.acten.com\/?page_id=8317"},"modified":"2021-06-01T12:07:24","modified_gmt":"2021-06-01T10:07:24","slug":"abo-programm","status":"publish","type":"page","link":"https:\/\/www.acten.com\/de\/abo-programm\/","title":{"rendered":"Abo"},"content":{"rendered":"<section class=\"l-section wpb_row height_medium\"><div class=\"l-section-h i-cf\"><div class=\"g-cols vc_row via_flex valign_top type_default stacking_default\"><div class=\"vc_col-sm-12 wpb_column vc_column_container\"><div class=\"vc_column-inner\"><div class=\"wpb_wrapper\"><h1 class=\"w-post-elm post_title entry-title color_link_inherit\">Abo<\/h1><div class=\"wpb_text_column\"><div class=\"wpb_wrapper\"><p><strong>ACTEN-Abonnement<\/strong><\/p>\n<p><strong>ACTEN-ABONNEMENT BEDINGUNGEN<\/strong><br \/>\nDiese Abonnementbedingungen (\u201eSUBSCRITPION\u201c) gelten zwischen Ihnen und ACTEN AG und regeln unsere jeweiligen Rechte und Pflichten. Bitte beachten Sie, dass Ihre Nutzung der Website acten.com auch durch unsere Website-Nutzungsbedingungen und die Datenschutzrichtlinie sowie alle anderen anwendbaren Bedingungen, Einschr\u00e4nkungen und Anforderungen auf der Website acten.com geregelt wird, die alle (in ihrer im Laufe der Zeit ge\u00e4nderten Form) in diese Bedingungen aufgenommen werden. Wenn Sie sich f\u00fcr ein ACTEN-Abonnement anmelden, akzeptieren Sie diese Gesch\u00e4ftsbedingungen, Einschr\u00e4nkungen und Anforderungen.<\/p>\n<p><strong>Vorteile eines Abonnements<\/strong><\/p>\n<p>Der Produktpreis von ACTEN bei der Wahl einer wiederkehrenden Rechnungsfrequenz betr\u00e4gt (CHF 89.90.-, EUR 82 \u20ac , USD 89.90 $). Dies wird auf der Produktwebseite von acten.com und im Warenkorb w\u00e4hrend des Bestellvorgangs angegeben. Der angewandte Rabatt kann sich f\u00fcr Abonnements \u00e4ndern, die w\u00e4hrend speziellen Promotionen (Black Friday, Cyber Monday, Verkaufspromotionen usw.) erstellt wurden. Der Abonnementsrabatt \u201ekumuliert\u201c sich nicht auf den Verkaufspreis \u2013 es gilt jeweils der gr\u00f6\u00dfere Rabatt f\u00fcr eine Transaktion. Die Preise f\u00fcr Abonnementprodukte bei der erneuten Rechnungsstellung gelten f\u00fcr das Standard-Abonnement mit dem oben genannten Produktpreis. Es gelten die anwendbaren Steuern und normalen Versandkosten und -regeln.<\/p>\n<p><strong>Abonnement-Abbestellung<\/strong><\/p>\n<p>Ihr ACTEN-Abonnement l\u00e4uft bis zur K\u00fcndigung weiter. Sie k\u00f6nnen Ihre ACTEN-Abonnements jederzeit auf das Ende des folge Monats in Ihrem Konto-Dashboard oder durch Kontaktaufnahme mit dem ACTEN-Kundendienst k\u00fcndigen oder \u00e4ndern.<\/p>\n<p><strong>Andere Einschr\u00e4nkungen<\/strong><\/p>\n<p>Wir behalten uns das Recht vor, Ihr Abonnement nach unserem Ermessen anzunehmen oder abzulehnen.<\/p>\n<p>Sie k\u00f6nnen kein ACTEN-Abonnement \u00fcbertragen oder abtreten.<\/p>\n<p>Als Abonnenten d\u00fcrfen Sie kein Abonnement zum Zwecke des Weiterverkaufs, der Vermietung oder des Versands an ihre Kunden oder potenzielle Kunden unter Verwendung ihres ACTEN-Abonnements abschlie\u00dfen.<\/p>\n<p><strong>Geb\u00fchr und Verl\u00e4ngerung des Abonnements<\/strong><\/p>\n<p>Die Abonnementgeb\u00fchr wird auf der Produktwebseite von acten.com angegeben. F\u00fcr alle Abonnements gelten die geltenden Steuern- sowie die normalen Versandkostenregeln. Wir werden versuchen, die von Ihnen bevorzugte Versandmethode Ihres ACTEN-Abonnements zu ber\u00fccksichtigen, behalten uns jedoch das Recht vor, Ihre Abonnementbestellung gegebenenfalls mit der n\u00e4chstg\u00fcnstigeren Versandmethode zu bearbeiten.<\/p>\n<p>Wenn alle berechtigten Zahlungsmethoden, die wir f\u00fcr Sie gespeichert haben, f\u00fcr die Zahlung Ihrer Abonnementgeb\u00fchr abgelehnt werden, m\u00fcssen Sie uns umgehend eine neue berechtigte Zahlungsmethode angeben, sonst wird Ihr Abonnement storniert.<\/p>\n<p>Wenn Sie uns eine neue berechtigte Zahlungsmethode angeben und diese erfolgreich in Rechnung gestellt wird, h\u00e4ngt Ihr neuer Abonnementzeitraum von Ihrem gew\u00e4hlten Abonnement ab. Besuchen Sie Ihr Konto-Dashboard und Ihre Abonnementbestellungen, um die Verl\u00e4ngerungsdaten f\u00fcr Ihr Abonnement anzuzeigen.<\/p>\n<p>WENN SIE UNS NICHT VOR DEM VERL\u00c4NGERUNGSDATUM BENACHRICHTIGEN, DASS SIE IHR ABONNEMENT K\u00dcNDIGEN M\u00d6CHTEN, VERSTEHEN UND BEST\u00c4TIGEN SIE, DASS IHR ACTEN-ABONNEMENT AUTOMATISCH WEITERGEF\u00dcHRT WIRD, UND SIE ERM\u00c4CHTIGEN UNS (OHNE SIE ZU BENACHRICHTIGEN, ES SEI DENN, DIES IST GESETZLICH VORGESCHRIEBEN), DIE ZU DIESEM ZEITPUNKT GELTENDEN ABONNEMENTGEB\u00dcHREN, EINSCHLIE\u00dfLICH ALLER ANWENDBAREN STEUERN UND VERSANDGEB\u00dcHREN, MIT DER GESPEICHERTEN ZAHLUNGSMETHODE, DIE WIR F\u00dcR SIE GESPEICHERT HABEN, EINZUZIEHEN.<\/p>\n<p><strong>\u00c4nderungen der Vereinbarung<\/strong><\/p>\n<p>Wir k\u00f6nnen diese Bedingungen nach eigenem Ermessen in \u00dcbereinstimmung mit den Nutzungsbedingungen \u00e4ndern. Kunden mit einem aktiven ACTEN-Abonnement werden per E-Mail an die E-Mail-Adresse ihres ACTEN-Kontos \u00fcber alle \u00c4nderungen dieser Bedingungen informiert.<\/p>\n<p><strong>K\u00fcndigung durch uns<\/strong><\/p>\n<p>Wir k\u00f6nnen Ihr ACTEN-Abonnement nach unserem Ermessen ohne Vorank\u00fcndigung beenden. Wenn wir dies tun, nachdem Ihnen eine Abonnementgeb\u00fchr in Rechnung gestellt wurde, bevor wir den Auftrag versenden erstatten Ihnen die entsprechende Abonnementgeb\u00fchr zur\u00fcck. Grund f\u00fcr eine solche K\u00fcndigung kann nach unserem Ermessen eintreffen, wenn man gegen diese Bedingungen oder geltendes Recht verst\u00f6\u00dft, Betrug oder Missbrauch eines ACTEN-Abonnements aus\u00fcbt oder unseren Interessen oder denen eines anderen Benutzers schadet. Unser Vers\u00e4umnis, auf Ihrer strikten Einhaltung dieser Bedingungen zu bestehen oder sie durchzusetzen, stellt keinen Verzicht auf unsere Rechte dar.<\/p>\n<p><strong>R\u00fcckgabe<\/strong><\/p>\n<p>Alle R\u00fcckgaben unterliegen den acten.com Allgemeinen Gesch\u00e4ftsbedingungen.<\/p>\n<\/div><\/div><\/div><\/div><\/div><\/div><\/div><\/section>\n","protected":false},"excerpt":{"rendered":"AboACTEN-Abonnement ACTEN-ABONNEMENT BEDINGUNGEN Diese Abonnementbedingungen (\u201eSUBSCRITPION\u201c) gelten zwischen Ihnen und ACTEN AG und regeln unsere jeweiligen Rechte und Pflichten. Bitte beachten Sie, dass Ihre Nutzung der Website acten.com auch durch unsere Website-Nutzungsbedingungen und die Datenschutzrichtlinie sowie alle anderen anwendbaren Bedingungen, Einschr\u00e4nkungen und Anforderungen auf der Website acten.com geregelt wird, die alle (in ihrer im Laufe...","protected":false},"author":1,"featured_media":0,"parent":0,"menu_order":0,"comment_status":"closed","ping_status":"closed","template":"","meta":{"footnotes":""},"yoast_head":"<!-- This site is optimized with the Yoast SEO plugin v21.4 - https:\/\/yoast.com\/wordpress\/plugins\/seo\/ -->\n<title>ACTEN-Abonnement - Jetzt informieren und vom Angebot profitieren<\/title>\n<meta name=\"description\" content=\"ACTEN-Abonnement mit reduziertem Preis. Sie bestimmen die Anzahl der Boxen &amp; Lieferfrequenz. Ohne Mindestlaufzeit, monatlich k\u00fcndbar\" \/>\n<meta name=\"robots\" content=\"index, follow, max-snippet:-1, max-image-preview:large, max-video-preview:-1\" \/>\n<link rel=\"canonical\" href=\"https:\/\/www.acten.com\/de\/abo-programm\/\" \/>\n<meta property=\"og:locale\" content=\"de_DE\" \/>\n<meta property=\"og:type\" content=\"article\" \/>\n<meta property=\"og:title\" content=\"ACTEN-Abonnement - Jetzt informieren und vom Angebot profitieren\" \/>\n<meta property=\"og:description\" content=\"ACTEN-Abonnement mit reduziertem Preis. Sie bestimmen die Anzahl der Boxen &amp; Lieferfrequenz. Ohne Mindestlaufzeit, monatlich k\u00fcndbar\" \/>\n<meta property=\"og:url\" content=\"https:\/\/www.acten.com\/de\/abo-programm\/\" \/>\n<meta property=\"og:site_name\" content=\"ACTEN\" \/>\n<meta property=\"article:modified_time\" content=\"2021-06-01T10:07:24+00:00\" \/>\n<meta name=\"twitter:card\" content=\"summary_large_image\" \/>\n<meta name=\"twitter:label1\" content=\"Gesch\u00e4tzte Lesezeit\" \/>\n\t<meta name=\"twitter:data1\" content=\"3 Minuten\" \/>\n<script type=\"application\/ld+json\" class=\"yoast-schema-graph\">{\"@context\":\"https:\/\/schema.org\",\"@graph\":[{\"@type\":\"WebPage\",\"@id\":\"https:\/\/www.acten.com\/de\/abo-programm\/\",\"url\":\"https:\/\/www.acten.com\/de\/abo-programm\/\",\"name\":\"ACTEN-Abonnement - Jetzt informieren und vom Angebot profitieren\",\"isPartOf\":{\"@id\":\"https:\/\/www.acten.com\/de\/#website\"},\"datePublished\":\"2021-03-10T12:05:01+00:00\",\"dateModified\":\"2021-06-01T10:07:24+00:00\",\"description\":\"ACTEN-Abonnement mit reduziertem Preis. Sie bestimmen die Anzahl der Boxen & Lieferfrequenz. Ohne Mindestlaufzeit, monatlich k\u00fcndbar\",\"breadcrumb\":{\"@id\":\"https:\/\/www.acten.com\/de\/abo-programm\/#breadcrumb\"},\"inLanguage\":\"de-DE\",\"potentialAction\":[{\"@type\":\"ReadAction\",\"target\":[\"https:\/\/www.acten.com\/de\/abo-programm\/\"]}]},{\"@type\":\"BreadcrumbList\",\"@id\":\"https:\/\/www.acten.com\/de\/abo-programm\/#breadcrumb\",\"itemListElement\":[{\"@type\":\"ListItem\",\"position\":1,\"name\":\"Home\",\"item\":\"https:\/\/www.acten.com\/de\/\"},{\"@type\":\"ListItem\",\"position\":2,\"name\":\"Abo\"}]},{\"@type\":\"WebSite\",\"@id\":\"https:\/\/www.acten.com\/de\/#website\",\"url\":\"https:\/\/www.acten.com\/de\/\",\"name\":\"ACTEN\",\"description\":\"the natural joint pain relief supplement\",\"publisher\":{\"@id\":\"https:\/\/www.acten.com\/de\/#organization\"},\"potentialAction\":[{\"@type\":\"SearchAction\",\"target\":{\"@type\":\"EntryPoint\",\"urlTemplate\":\"https:\/\/www.acten.com\/de\/?s={search_term_string}\"},\"query-input\":\"required name=search_term_string\"}],\"inLanguage\":\"de-DE\"},{\"@type\":\"Organization\",\"@id\":\"https:\/\/www.acten.com\/de\/#organization\",\"name\":\"Acten\",\"url\":\"https:\/\/www.acten.com\/de\/\",\"logo\":{\"@type\":\"ImageObject\",\"inLanguage\":\"de-DE\",\"@id\":\"https:\/\/www.acten.com\/de\/#\/schema\/logo\/image\/\",\"url\":\"https:\/\/www.acten.com\/wp-content\/uploads\/2021\/03\/acten-claim-1.png\",\"contentUrl\":\"https:\/\/www.acten.com\/wp-content\/uploads\/2021\/03\/acten-claim-1.png\",\"width\":292,\"height\":87,\"caption\":\"Acten\"},\"image\":{\"@id\":\"https:\/\/www.acten.com\/de\/#\/schema\/logo\/image\/\"}}]}<\/script>\n<!-- \/ Yoast SEO plugin. -->","yoast_head_json":{"title":"ACTEN-Abonnement - Jetzt informieren und vom Angebot profitieren","description":"ACTEN-Abonnement mit reduziertem Preis. Sie bestimmen die Anzahl der Boxen & Lieferfrequenz. Ohne Mindestlaufzeit, monatlich k\u00fcndbar","robots":{"index":"index","follow":"follow","max-snippet":"max-snippet:-1","max-image-preview":"max-image-preview:large","max-video-preview":"max-video-preview:-1"},"canonical":"https:\/\/www.acten.com\/de\/abo-programm\/","og_locale":"de_DE","og_type":"article","og_title":"ACTEN-Abonnement - Jetzt informieren und vom Angebot profitieren","og_description":"ACTEN-Abonnement mit reduziertem Preis. Sie bestimmen die Anzahl der Boxen & Lieferfrequenz. Ohne Mindestlaufzeit, monatlich k\u00fcndbar","og_url":"https:\/\/www.acten.com\/de\/abo-programm\/","og_site_name":"ACTEN","article_modified_time":"2021-06-01T10:07:24+00:00","twitter_card":"summary_large_image","twitter_misc":{"Gesch\u00e4tzte Lesezeit":"3 Minuten"},"schema":{"@context":"https:\/\/schema.org","@graph":[{"@type":"WebPage","@id":"https:\/\/www.acten.com\/de\/abo-programm\/","url":"https:\/\/www.acten.com\/de\/abo-programm\/","name":"ACTEN-Abonnement - Jetzt informieren und vom Angebot profitieren","isPartOf":{"@id":"https:\/\/www.acten.com\/de\/#website"},"datePublished":"2021-03-10T12:05:01+00:00","dateModified":"2021-06-01T10:07:24+00:00","description":"ACTEN-Abonnement mit reduziertem Preis. Sie bestimmen die Anzahl der Boxen & Lieferfrequenz. Ohne Mindestlaufzeit, monatlich k\u00fcndbar","breadcrumb":{"@id":"https:\/\/www.acten.com\/de\/abo-programm\/#breadcrumb"},"inLanguage":"de-DE","potentialAction":[{"@type":"ReadAction","target":["https:\/\/www.acten.com\/de\/abo-programm\/"]}]},{"@type":"BreadcrumbList","@id":"https:\/\/www.acten.com\/de\/abo-programm\/#breadcrumb","itemListElement":[{"@type":"ListItem","position":1,"name":"Home","item":"https:\/\/www.acten.com\/de\/"},{"@type":"ListItem","position":2,"name":"Abo"}]},{"@type":"WebSite","@id":"https:\/\/www.acten.com\/de\/#website","url":"https:\/\/www.acten.com\/de\/","name":"ACTEN","description":"the natural joint pain relief supplement","publisher":{"@id":"https:\/\/www.acten.com\/de\/#organization"},"potentialAction":[{"@type":"SearchAction","target":{"@type":"EntryPoint","urlTemplate":"https:\/\/www.acten.com\/de\/?s={search_term_string}"},"query-input":"required name=search_term_string"}],"inLanguage":"de-DE"},{"@type":"Organization","@id":"https:\/\/www.acten.com\/de\/#organization","name":"Acten","url":"https:\/\/www.acten.com\/de\/","logo":{"@type":"ImageObject","inLanguage":"de-DE","@id":"https:\/\/www.acten.com\/de\/#\/schema\/logo\/image\/","url":"https:\/\/www.acten.com\/wp-content\/uploads\/2021\/03\/acten-claim-1.png","contentUrl":"https:\/\/www.acten.com\/wp-content\/uploads\/2021\/03\/acten-claim-1.png","width":292,"height":87,"caption":"Acten"},"image":{"@id":"https:\/\/www.acten.com\/de\/#\/schema\/logo\/image\/"}}]}},"_links":{"self":[{"href":"https:\/\/www.acten.com\/de\/wp-json\/wp\/v2\/pages\/8317"}],"collection":[{"href":"https:\/\/www.acten.com\/de\/wp-json\/wp\/v2\/pages"}],"about":[{"href":"https:\/\/www.acten.com\/de\/wp-json\/wp\/v2\/types\/page"}],"author":[{"embeddable":true,"href":"https:\/\/www.acten.com\/de\/wp-json\/wp\/v2\/users\/1"}],"replies":[{"embeddable":true,"href":"https:\/\/www.acten.com\/de\/wp-json\/wp\/v2\/comments?post=8317"}],"version-history":[{"count":9,"href":"https:\/\/www.acten.com\/de\/wp-json\/wp\/v2\/pages\/8317\/revisions"}],"predecessor-version":[{"id":10638,"href":"https:\/\/www.acten.com\/de\/wp-json\/wp\/v2\/pages\/8317\/revisions\/10638"}],"wp:attachment":[{"href":"https:\/\/www.acten.com\/de\/wp-json\/wp\/v2\/media?parent=8317"}],"curies":[{"name":"wp","href":"https:\/\/api.w.org\/{rel}","templated":true}]}}