{"id":8314,"date":"2021-03-10T11:43:02","date_gmt":"2021-03-10T11:43:02","guid":{"rendered":"https:\/\/www.acten.com\/?page_id=8314"},"modified":"2021-06-03T09:42:21","modified_gmt":"2021-06-03T07:42:21","slug":"lieferungen","status":"publish","type":"page","link":"https:\/\/www.acten.com\/de\/lieferungen\/","title":{"rendered":"Lieferungen"},"content":{"rendered":"<section class=\"l-section wpb_row height_medium\"><div class=\"l-section-h i-cf\"><div class=\"g-cols vc_row via_flex valign_top type_default stacking_default\"><div class=\"vc_col-sm-12 wpb_column vc_column_container\"><div class=\"vc_column-inner\"><div class=\"wpb_wrapper\"><h2 class=\"w-post-elm post_title entry-title color_link_inherit\">Lieferungen<\/h2><div class=\"wpb_text_column\"><div class=\"wpb_wrapper\"><p>Zuz\u00fcglich zu den angegebenen Produktpreisen kommen noch Versandkosten hinzu. N\u00e4heres zur H\u00f6he der Versandkosten erfahren Sie bei den Angeboten.<\/p>\n<p>Wir liefern nur im Versandweg. Eine Selbstabholung der Ware ist leider nicht m\u00f6glich.<\/p>\n<p>(1) Die bestellte Ware wird in aller Regel innerhalb von zwei Werktagen nach Bestelleingang versendet. Verpackungen, Versandweg und Versandmittel werden von Acten AG oder ACTEN USA LLC ausgew\u00e4hlt. F\u00fcr den Fall, dass uns eine Gesamtlieferung nicht m\u00f6glich ist, bleibt eine Teillieferung teilbarer Leistungen vorbehalten, sofern diese dem Kunden nicht unzumutbar ist. Acten AG oder ACTEN USA LLC ist berechtigt, die Bestellung auf eine haushalt\u00fcbliche Menge zu begrenzen, wenn dies dem Kunden zumutbar ist.<br \/>\n(2) Die Ware wird sicher und diskret an die Wunschadresse des Kunden geliefert. Die effektiv anfallenden Kosten werden verrechnet.<\/p>\n<p>(3) Ereignisse h\u00f6herer Gewalt, Ma\u00dfnahmen im Rahmen von Arbeitsk\u00e4mpfen und sonstige unvorhergesehene Umst\u00e4nde, einschlie\u00dflich der Nichtbelieferung durch den Vorlieferanten, die Acten AG oder ACTEN USA LLC nicht verschuldet hat, ist Acten AG oder ACTEN USA LLC berechtigt, Lieferfristen um die Dauer der Behinderung zu verl\u00e4ngern, l\u00e4ngstens jedoch f\u00fcr die Dauer von zwei Wochen ab Bestellung. Acten AG oder ACTEN USA LLC wird den Kunden unverz\u00fcglich \u00fcber die Nichtverf\u00fcgbarkeit informieren und bereits gleistete Gegenleistungen unverz\u00fcglich erstatten. Verzug tritt erst nach Setzen einer angemessenen Nachfrist ein. Sollte die Verz\u00f6gerung l\u00e4nger dauern, kann der Kunde eine angemessene Frist zur Leistung bestimmen und nach deren fruchtlosem Ablauf vom Vertrag zur\u00fccktreten. Nach Ablauf von sechs Wochen ab Bestellung ist Acten AG oder ACTEN USA LLC ebenfalls berechtigt, vom Vertrag zur\u00fcckzutreten. Der Anspruch auf Schadenersatz ist ausgeschlossen, es sei denn, die Verz\u00f6gerung ist von Acten AG oder ACTEN USA LLC verschuldet.<\/p>\n<p>(4) F\u00fcr Verz\u00f6gerungssch\u00e4den haftet Acten AG oder ACTEN USA LLC bei leichter Fahrl\u00e4ssigkeit nur in H\u00f6he von bis 5% des Rechnungswertes. Dies gilt nicht f\u00fcr Sch\u00e4den aus der Verletzung des Lebens, des K\u00f6rpers oder der Gesundheit, die auf einer fahrl\u00e4ssigen Pflichtverletzung eines gesetzlichen Vertreters oder Erf\u00fcllungsgehilfen von Acten AG oder ACTEN USA LLC beruhen.<\/p>\n<\/div><\/div><\/div><\/div><\/div><\/div><\/div><\/section>\n","protected":false},"excerpt":{"rendered":"LieferungenZuz\u00fcglich zu den angegebenen Produktpreisen kommen noch Versandkosten hinzu. N\u00e4heres zur H\u00f6he der Versandkosten erfahren Sie bei den Angeboten. Wir liefern nur im Versandweg. Eine Selbstabholung der Ware ist leider nicht m\u00f6glich. (1) Die bestellte Ware wird in aller Regel innerhalb von zwei Werktagen nach Bestelleingang versendet. Verpackungen, Versandweg und Versandmittel werden von Acten AG...","protected":false},"author":1,"featured_media":0,"parent":0,"menu_order":0,"comment_status":"closed","ping_status":"closed","template":"","meta":{"footnotes":""},"yoast_head":"<!-- This site is optimized with the Yoast SEO plugin v21.4 - https:\/\/yoast.com\/wordpress\/plugins\/seo\/ -->\n<title>Lieferung - Erfahre alles \u00fcber deinen aktuellen ACTEN Lieferstatus<\/title>\n<meta name=\"description\" content=\"Erfahre mehr \u00fcber unseren Lieferungsprozess oder tritt mit uns in Kontakt und erfahre wo sich deine Lieferung gerade befindet\" \/>\n<meta name=\"robots\" content=\"index, follow, max-snippet:-1, max-image-preview:large, max-video-preview:-1\" \/>\n<link rel=\"canonical\" href=\"https:\/\/www.acten.com\/de\/lieferungen\/\" \/>\n<meta property=\"og:locale\" content=\"de_DE\" \/>\n<meta property=\"og:type\" content=\"article\" \/>\n<meta property=\"og:title\" content=\"Lieferung - Erfahre alles \u00fcber deinen aktuellen ACTEN Lieferstatus\" \/>\n<meta property=\"og:description\" content=\"Erfahre mehr \u00fcber unseren Lieferungsprozess oder tritt mit uns in Kontakt und erfahre wo sich deine Lieferung gerade befindet\" \/>\n<meta property=\"og:url\" content=\"https:\/\/www.acten.com\/de\/lieferungen\/\" \/>\n<meta property=\"og:site_name\" content=\"ACTEN\" \/>\n<meta property=\"article:modified_time\" content=\"2021-06-03T07:42:21+00:00\" \/>\n<meta name=\"twitter:card\" content=\"summary_large_image\" \/>\n<meta name=\"twitter:label1\" content=\"Gesch\u00e4tzte Lesezeit\" \/>\n\t<meta name=\"twitter:data1\" content=\"2 Minuten\" \/>\n<script type=\"application\/ld+json\" class=\"yoast-schema-graph\">{\"@context\":\"https:\/\/schema.org\",\"@graph\":[{\"@type\":\"WebPage\",\"@id\":\"https:\/\/www.acten.com\/de\/lieferungen\/\",\"url\":\"https:\/\/www.acten.com\/de\/lieferungen\/\",\"name\":\"Lieferung - Erfahre alles \u00fcber deinen aktuellen ACTEN Lieferstatus\",\"isPartOf\":{\"@id\":\"https:\/\/www.acten.com\/de\/#website\"},\"datePublished\":\"2021-03-10T11:43:02+00:00\",\"dateModified\":\"2021-06-03T07:42:21+00:00\",\"description\":\"Erfahre mehr \u00fcber unseren Lieferungsprozess oder tritt mit uns in Kontakt und erfahre wo sich deine Lieferung gerade befindet\",\"breadcrumb\":{\"@id\":\"https:\/\/www.acten.com\/de\/lieferungen\/#breadcrumb\"},\"inLanguage\":\"de-DE\",\"potentialAction\":[{\"@type\":\"ReadAction\",\"target\":[\"https:\/\/www.acten.com\/de\/lieferungen\/\"]}]},{\"@type\":\"BreadcrumbList\",\"@id\":\"https:\/\/www.acten.com\/de\/lieferungen\/#breadcrumb\",\"itemListElement\":[{\"@type\":\"ListItem\",\"position\":1,\"name\":\"Home\",\"item\":\"https:\/\/www.acten.com\/de\/\"},{\"@type\":\"ListItem\",\"position\":2,\"name\":\"Lieferungen\"}]},{\"@type\":\"WebSite\",\"@id\":\"https:\/\/www.acten.com\/de\/#website\",\"url\":\"https:\/\/www.acten.com\/de\/\",\"name\":\"ACTEN\",\"description\":\"the natural joint pain relief supplement\",\"publisher\":{\"@id\":\"https:\/\/www.acten.com\/de\/#organization\"},\"potentialAction\":[{\"@type\":\"SearchAction\",\"target\":{\"@type\":\"EntryPoint\",\"urlTemplate\":\"https:\/\/www.acten.com\/de\/?s={search_term_string}\"},\"query-input\":\"required name=search_term_string\"}],\"inLanguage\":\"de-DE\"},{\"@type\":\"Organization\",\"@id\":\"https:\/\/www.acten.com\/de\/#organization\",\"name\":\"Acten\",\"url\":\"https:\/\/www.acten.com\/de\/\",\"logo\":{\"@type\":\"ImageObject\",\"inLanguage\":\"de-DE\",\"@id\":\"https:\/\/www.acten.com\/de\/#\/schema\/logo\/image\/\",\"url\":\"https:\/\/www.acten.com\/wp-content\/uploads\/2021\/03\/acten-claim-1.png\",\"contentUrl\":\"https:\/\/www.acten.com\/wp-content\/uploads\/2021\/03\/acten-claim-1.png\",\"width\":292,\"height\":87,\"caption\":\"Acten\"},\"image\":{\"@id\":\"https:\/\/www.acten.com\/de\/#\/schema\/logo\/image\/\"}}]}<\/script>\n<!-- \/ Yoast SEO plugin. -->","yoast_head_json":{"title":"Lieferung - Erfahre alles \u00fcber deinen aktuellen ACTEN Lieferstatus","description":"Erfahre mehr \u00fcber unseren Lieferungsprozess oder tritt mit uns in Kontakt und erfahre wo sich deine Lieferung gerade befindet","robots":{"index":"index","follow":"follow","max-snippet":"max-snippet:-1","max-image-preview":"max-image-preview:large","max-video-preview":"max-video-preview:-1"},"canonical":"https:\/\/www.acten.com\/de\/lieferungen\/","og_locale":"de_DE","og_type":"article","og_title":"Lieferung - Erfahre alles \u00fcber deinen aktuellen ACTEN Lieferstatus","og_description":"Erfahre mehr \u00fcber unseren Lieferungsprozess oder tritt mit uns in Kontakt und erfahre wo sich deine Lieferung gerade befindet","og_url":"https:\/\/www.acten.com\/de\/lieferungen\/","og_site_name":"ACTEN","article_modified_time":"2021-06-03T07:42:21+00:00","twitter_card":"summary_large_image","twitter_misc":{"Gesch\u00e4tzte Lesezeit":"2 Minuten"},"schema":{"@context":"https:\/\/schema.org","@graph":[{"@type":"WebPage","@id":"https:\/\/www.acten.com\/de\/lieferungen\/","url":"https:\/\/www.acten.com\/de\/lieferungen\/","name":"Lieferung - Erfahre alles \u00fcber deinen aktuellen ACTEN Lieferstatus","isPartOf":{"@id":"https:\/\/www.acten.com\/de\/#website"},"datePublished":"2021-03-10T11:43:02+00:00","dateModified":"2021-06-03T07:42:21+00:00","description":"Erfahre mehr \u00fcber unseren Lieferungsprozess oder tritt mit uns in Kontakt und erfahre wo sich deine Lieferung gerade befindet","breadcrumb":{"@id":"https:\/\/www.acten.com\/de\/lieferungen\/#breadcrumb"},"inLanguage":"de-DE","potentialAction":[{"@type":"ReadAction","target":["https:\/\/www.acten.com\/de\/lieferungen\/"]}]},{"@type":"BreadcrumbList","@id":"https:\/\/www.acten.com\/de\/lieferungen\/#breadcrumb","itemListElement":[{"@type":"ListItem","position":1,"name":"Home","item":"https:\/\/www.acten.com\/de\/"},{"@type":"ListItem","position":2,"name":"Lieferungen"}]},{"@type":"WebSite","@id":"https:\/\/www.acten.com\/de\/#website","url":"https:\/\/www.acten.com\/de\/","name":"ACTEN","description":"the natural joint pain relief supplement","publisher":{"@id":"https:\/\/www.acten.com\/de\/#organization"},"potentialAction":[{"@type":"SearchAction","target":{"@type":"EntryPoint","urlTemplate":"https:\/\/www.acten.com\/de\/?s={search_term_string}"},"query-input":"required name=search_term_string"}],"inLanguage":"de-DE"},{"@type":"Organization","@id":"https:\/\/www.acten.com\/de\/#organization","name":"Acten","url":"https:\/\/www.acten.com\/de\/","logo":{"@type":"ImageObject","inLanguage":"de-DE","@id":"https:\/\/www.acten.com\/de\/#\/schema\/logo\/image\/","url":"https:\/\/www.acten.com\/wp-content\/uploads\/2021\/03\/acten-claim-1.png","contentUrl":"https:\/\/www.acten.com\/wp-content\/uploads\/2021\/03\/acten-claim-1.png","width":292,"height":87,"caption":"Acten"},"image":{"@id":"https:\/\/www.acten.com\/de\/#\/schema\/logo\/image\/"}}]}},"_links":{"self":[{"href":"https:\/\/www.acten.com\/de\/wp-json\/wp\/v2\/pages\/8314"}],"collection":[{"href":"https:\/\/www.acten.com\/de\/wp-json\/wp\/v2\/pages"}],"about":[{"href":"https:\/\/www.acten.com\/de\/wp-json\/wp\/v2\/types\/page"}],"author":[{"embeddable":true,"href":"https:\/\/www.acten.com\/de\/wp-json\/wp\/v2\/users\/1"}],"replies":[{"embeddable":true,"href":"https:\/\/www.acten.com\/de\/wp-json\/wp\/v2\/comments?post=8314"}],"version-history":[{"count":6,"href":"https:\/\/www.acten.com\/de\/wp-json\/wp\/v2\/pages\/8314\/revisions"}],"predecessor-version":[{"id":10124,"href":"https:\/\/www.acten.com\/de\/wp-json\/wp\/v2\/pages\/8314\/revisions\/10124"}],"wp:attachment":[{"href":"https:\/\/www.acten.com\/de\/wp-json\/wp\/v2\/media?parent=8314"}],"curies":[{"name":"wp","href":"https:\/\/api.w.org\/{rel}","templated":true}]}}