{"id":8276,"date":"2021-02-24T12:00:21","date_gmt":"2021-02-24T12:00:21","guid":{"rendered":"https:\/\/www.acten.com\/?page_id=8276"},"modified":"2021-08-27T11:24:01","modified_gmt":"2021-08-27T09:24:01","slug":"faqs","status":"publish","type":"page","link":"https:\/\/www.acten.com\/de\/faqs\/","title":{"rendered":"FAQs"},"content":{"rendered":"<section class=\"l-section wpb_row height_medium\"><div class=\"l-section-h i-cf\"><div class=\"g-cols vc_row via_flex valign_top type_default stacking_default\"><div class=\"vc_col-sm-12 wpb_column vc_column_container\"><div class=\"vc_column-inner\"><div class=\"wpb_wrapper\"><div class=\"wpb_text_column\"><div class=\"wpb_wrapper\"><h2 style=\"text-align: center;\">H\u00e4ufig gestellte Fragen (FAQs)<\/h2>\n<\/div><\/div><div class=\"w-separator size_medium\"><\/div><div class=\"w-tabs style_default switch_click accordion has_scrolling\" style=\"--sections-title-size:inherit\"><div class=\"w-tabs-sections titles-align_none icon_chevron cpos_right\"><div class=\"w-tabs-section\" id=\"hc9d\"><button class=\"w-tabs-section-header\" aria-controls=\"content-hc9d\" aria-expanded=\"false\"><div class=\"w-tabs-section-title\">WARUM SOLLTE ICH ACTEN EINNEHMEN?<\/div><div class=\"w-tabs-section-control\"><\/div><\/button><div  class=\"w-tabs-section-content\" id=\"content-hc9d\"><div class=\"w-tabs-section-content-h i-cf\"><div class=\"wpb_text_column\"><div class=\"wpb_wrapper\"><p>ACTEN wurde speziell f\u00fcr die Bed\u00fcrfnisse aktiver Gelenke entwickelt und hilft dabei, die k\u00f6rperliche Vitalit\u00e4t aufrechtzuerhalten.<\/p>\n<p>Anwendungsgebiet:<br \/>\n-Entwickelt f\u00fcr aktive Gelenke und erh\u00f6hten Bedarf an Antioxidationsmitteln<br \/>\n-Unterst\u00fctzt die Entz\u00fcndungshemmung<br \/>\n-Hilft bei der Linderung bestehender Schmerzen<br \/>\n-F\u00f6rdert die Knorpelgesundheit<br \/>\n-Revitalisiert und tr\u00e4gt zur Aufrechterhaltung der k\u00f6rperlichen Vitalit\u00e4t bei<\/p>\n<p>Unser Muskel-Skelett-System ist eine erstaunliche Kombination von Gelenken und Muskeln, die es uns erm\u00f6glichen, mobil und agil zu bleiben. Wie bei allen mechanischen Strukturen unterliegen auch wir zunehmender Abnutzung. Diese Prozesse nehmen mit Alter, fr\u00fcherer Verletzung oder Trauma, gro\u00dfem Stress und Fettleibigkeit zu. Damit unsere Gelenke, Knorpel, Knochen und Bindegewebe flexibel und schmerzfrei bleiben, brauchen sie angemessene Ern\u00e4hrungsunterst\u00fctzung.<\/p>\n<p>Mit ACTEN haben wir einen Durchbruch in der nat\u00fcrlichen Gelenkgesundheit erzielt. Hergestellt in der Schweiz, zertifiziert &amp; klinisch getestet. Von der Auswahl nat\u00fcrlicher Rohstoffe bis zum Endprodukt &#8211; ACTEN garantiert pharmazeutische Qualit\u00e4t &amp; strengste Kontrollen.<\/p>\n<\/div><\/div><\/div><\/div><\/div><div class=\"w-tabs-section\" id=\"eddd\"><button class=\"w-tabs-section-header\" aria-controls=\"content-eddd\" aria-expanded=\"false\"><div class=\"w-tabs-section-title\">WAS MACHT ACTEN EIGENTLICH?<\/div><div class=\"w-tabs-section-control\"><\/div><\/button><div  class=\"w-tabs-section-content\" id=\"content-eddd\"><div class=\"w-tabs-section-content-h i-cf\"><div class=\"wpb_text_column\"><div class=\"wpb_wrapper\"><p>Durch den N\u00e4hrstoff HYDROIDAN\u00ae bietet ACTEN dem K\u00f6rper die richtige und notwendige Ern\u00e4hrungsunterst\u00fctzung zur F\u00f6rderung der Gesundheit des Knorpelgewebes, St\u00e4rkung des Immunsystems und Reduzierung von Entz\u00fcndungen. HYDROIDAN\u00ae stimuliert die k\u00f6rpereigene Kollagen- und Hyaluronanproduktion. Dies hat eine positive Auswirkung auf die Widerstandsf\u00e4higkeit und Elastizit\u00e4t von Knorpelgewebe. HYDROIDAN\u00ae hilft auch bei der Erhaltung von Knochen, sch\u00fctzt Zellen vor oxidativem Stress und f\u00f6rdert die Ausscheidung von Giftstoffen, sch\u00e4dlichen Chemikalien und Schwermetallen.<\/p>\n<\/div><\/div><\/div><\/div><\/div><div class=\"w-tabs-section\" id=\"bec7\"><button class=\"w-tabs-section-header\" aria-controls=\"content-bec7\" aria-expanded=\"false\"><div class=\"w-tabs-section-title\">WIE SCHMECKT ES?<\/div><div class=\"w-tabs-section-control\"><\/div><\/button><div  class=\"w-tabs-section-content\" id=\"content-bec7\"><div class=\"w-tabs-section-content-h i-cf\"><div class=\"wpb_text_column\"><div class=\"wpb_wrapper\"><p>ACTEN ist nicht nur nat\u00fcrlich und gut vertr\u00e4glich, sondern schmeckt auch gut. Der Geschmack ist aufgrund der nat\u00fcrlichen Stoffe fruchtig abgerundet und wird durch einen erfrischenden Zitronen- &amp; Limonengeschmack erg\u00e4nzt.<\/p>\n<\/div><\/div><\/div><\/div><\/div><div class=\"w-tabs-section\" id=\"vfa8\"><button class=\"w-tabs-section-header\" aria-controls=\"content-vfa8\" aria-expanded=\"false\"><div class=\"w-tabs-section-title\">WIE OFT SOLLTE ICH ACTEN EINNEHMEN?<\/div><div class=\"w-tabs-section-control\"><\/div><\/button><div  class=\"w-tabs-section-content\" id=\"content-vfa8\"><div class=\"w-tabs-section-content-h i-cf\"><div class=\"wpb_text_column\"><div class=\"wpb_wrapper\"><p>Wir empfehlen die t\u00e4gliche Einnahme eines ACTEN Gel-Packs f\u00fcr einen l\u00e4ngeren Zeitraum \u2013 f\u00fcr mindestens 3 Monate. Am besten am Morgen und auf einen leeren Magen. Auf diese Weise kann der N\u00e4hrstoff HYDROIDAN\u00ae dem K\u00f6rper zur Verf\u00fcgung gestellt und vom Metabolismus absorbiert werden. Die Inhaltsstoffe werden von der Magens\u00e4ure nicht zu viel zerst\u00f6rt, da das Verdauungssystem am Morgen nicht so aktiv ist. Sie k\u00f6nnen gleich danach essen und trinken, ohne darauf aufzupassen, wieviel Zeit verstrichen ist.<\/p>\n<\/div><\/div><\/div><\/div><\/div><div class=\"w-tabs-section\" id=\"a093\"><button class=\"w-tabs-section-header\" aria-controls=\"content-a093\" aria-expanded=\"false\"><div class=\"w-tabs-section-title\">WARUM SOLLTE ES AUF LEEREN MAGEN EINGENOMMEN WERDEN?<\/div><div class=\"w-tabs-section-control\"><\/div><\/button><div  class=\"w-tabs-section-content\" id=\"content-a093\"><div class=\"w-tabs-section-content-h i-cf\"><div class=\"wpb_text_column\"><div class=\"wpb_wrapper\"><p>Im Grunde genommen empfehlen wir die Einnahme auf leeren Magen, um einen schnelleren Durchgang durch den Magen und eine gr\u00f6\u00dfere Bioverf\u00fcgbarkeit zu garantieren. Es ist eine bekannte Tatsache, dass Nahrungsbestandteile zu einer Reduzierung der Absorption und Bioverf\u00fcgbarkeit f\u00fchren k\u00f6nnen. Wenn ACTEN mit Nahrung eingenommen wird, kann dies die Wirksamkeit beeintr\u00e4chtigen, da die Wirkstoffe nicht sofort vom K\u00f6rper absorbiert werden k\u00f6nnen. Es ist deshalb wichtig, ACTEN auf leeren Magen einzunehmen, um dessen volles Potential auszusch\u00f6pfen. Wir d\u00fcrfen jedoch nicht vergessen, dass aufgrund des ACTEN-Gels eine erh\u00f6hte Bioverf\u00fcgbarkeit bereits garantiert ist, und so nehmen Kunden, die Probleme mit der Einnahme von Gel haben, es in Kombination mit Wasser ein.<\/p>\n<\/div><\/div><\/div><\/div><\/div><div class=\"w-tabs-section\" id=\"w191\"><button class=\"w-tabs-section-header\" aria-controls=\"content-w191\" aria-expanded=\"false\"><div class=\"w-tabs-section-title\">WIE LANGE DAUERT ES, BIS ACTEN EINE WIRKUNG ZEIGT?<\/div><div class=\"w-tabs-section-control\"><\/div><\/button><div  class=\"w-tabs-section-content\" id=\"content-w191\"><div class=\"w-tabs-section-content-h i-cf\"><div class=\"wpb_text_column\"><div class=\"wpb_wrapper\"><p>Hierauf gibt es keine definitive Antwort. Die Wirkung von ACTEN h\u00e4ngt von mehreren Faktoren ab, wie bestehenden Verletzungen oder k\u00f6rperlichen Beschwerden, und ist von Person zu Person unterschiedlich.<\/p>\n<p>Zahlreiche unserer Kunden best\u00e4tigen jedoch, dass sie bei einer Einnahme von einem Gel-Pack t\u00e4glich bereits nach einem Monat weniger Schmerzen empfinden und mobiler sind. Die Wirkung wird auch von der sportlichen Aktivit\u00e4t der Verbraucher beeinflusst.<\/p>\n<\/div><\/div><\/div><\/div><\/div><div class=\"w-tabs-section\" id=\"q27f\"><button class=\"w-tabs-section-header\" aria-controls=\"content-q27f\" aria-expanded=\"false\"><div class=\"w-tabs-section-title\">GIBT ES NEBENWIRKUNGEN MIT ACTEN?<\/div><div class=\"w-tabs-section-control\"><\/div><\/button><div  class=\"w-tabs-section-content\" id=\"content-q27f\"><div class=\"w-tabs-section-content-h i-cf\"><div class=\"wpb_text_column\"><div class=\"wpb_wrapper\"><p>ACTEN ist sehr gut vertr\u00e4glich und f\u00fcr Langzeitnutzung geeignet. Es sind keine Wechselwirkungen mit anderen Medikamenten bekannt. Wir empfehlen jedoch im allgemeinen, dass Frauen w\u00e4hrend der Schwangerschaft und beim Stillen eine Einnahme von ACTEN vermeiden. Es ist wichtig anzumerken, dass das Gel ein reiner Ballaststoff ist, der nat\u00fcrlicherweise auch die Darmt\u00e4tigkeit anregt. Die erh\u00f6hte Darmt\u00e4tigkeit k\u00f6nnte darauf zur\u00fcckzuf\u00fchren sein, dass Sie als Verbraucher bisher zu wenig Ballaststoffe zu sich genommen haben. Zus\u00e4tzlich zur Unterst\u00fctzung des Immunsystems &amp; Hemmung von Entz\u00fcndungen bieten Braunalgen auch eine entschlackende Wirkung. Die Darmt\u00e4tigkeit wird sich nach einer gewissen Zeit der konstanten Einnahme wieder normalisieren.<\/p>\n<p>Bei Fragen oder Unklarheiten empfehlen wir die Hinzuziehung Ihres Arztes oder Apothekers.<\/p>\n<\/div><\/div><\/div><\/div><\/div><div class=\"w-tabs-section\" id=\"i358\"><button class=\"w-tabs-section-header\" aria-controls=\"content-i358\" aria-expanded=\"false\"><div class=\"w-tabs-section-title\">KANN ICH ACTEN MIT ANDEREN NAHRUNGSERG\u00c4NZUNGSMITTELN EINNEHMEN?<\/div><div class=\"w-tabs-section-control\"><\/div><\/button><div  class=\"w-tabs-section-content\" id=\"content-i358\"><div class=\"w-tabs-section-content-h i-cf\"><div class=\"wpb_text_column\"><div class=\"wpb_wrapper\"><p>ACTEN kann einfach in Kombination mit anderen Nahrungserg\u00e4nzungsmitteln eingenommen werden. Sie m\u00fcssen jedoch darauf achtgeben, dass die empfohlene Tagesdosis der Wirkstoffe wie Vitamin C und Zink nicht \u00fcberschritten wird. ACTEN stellt bereits 100% der empfohlenen Tagesdosis an Vitamin C und Zink bereit.<\/p>\n<\/div><\/div><\/div><\/div><\/div><div class=\"w-tabs-section\" id=\"f446\"><button class=\"w-tabs-section-header\" aria-controls=\"content-f446\" aria-expanded=\"false\"><div class=\"w-tabs-section-title\">KANN ACTEN VON DIABETIKERN EINGENOMMEN WERDEN?<\/div><div class=\"w-tabs-section-control\"><\/div><\/button><div  class=\"w-tabs-section-content\" id=\"content-f446\"><div class=\"w-tabs-section-content-h i-cf\"><div class=\"wpb_text_column\"><div class=\"wpb_wrapper\"><p>ACTEN kann grunds\u00e4tzlich ohne S\u00fc\u00dfstoff eingenommen werden.<br \/>\nBei S\u00fc\u00dfstoffen sind die Art des S\u00fc\u00dfstoffs und die Quelle die wichtigsten Faktoren.<br \/>\nWir benutzen nat\u00fcrliche Fructose (aus Fr\u00fcchten gewonnene Fructose) in kleinsten Mengen. Es ist keine industriell hergestellt Fructose vorhanden, was normalerweise zu Fructose-Unvertr\u00e4glichkeit f\u00fchren kann.<br \/>\nWeiterhin ist anzumerken, dass der K\u00f6rper nicht ohne Kohlenhydrate funktionieren kann. Verbraucher denken h\u00e4ufig, dass Protein \u201egesund\u201c und Zucker \u201eschlecht\u201c f\u00fcr den K\u00f6rper ist. Wichtig ist, dass 1 Gramm Zucker und 1 Gramm Protein 4 kcal haben.<br \/>\nZum Thema Diabetiker: Wir haben bereits Diabetiker, die unser Produkt einnehmen. Die BE (Broteinheiten), die f\u00fcr das Spritzen von Insulin relevant sind, sind so minimal, dass diese keine Auswirkung haben, solange 1 Pack ACTEN pro Tag eingenommen wird.<\/p>\n<p>Bei Fragen oder Unklarheiten empfehlen wir die Hinzuziehung Ihres Arztes oder Apothekers.<\/p>\n<\/div><\/div><\/div><\/div><\/div><div class=\"w-tabs-section\" id=\"u544\"><button class=\"w-tabs-section-header\" aria-controls=\"content-u544\" aria-expanded=\"false\"><div class=\"w-tabs-section-title\">WELCHER URSPRUNG HAT DAS KOLLAGEN?<\/div><div class=\"w-tabs-section-control\"><\/div><\/button><div  class=\"w-tabs-section-content\" id=\"content-u544\"><div class=\"w-tabs-section-content-h i-cf\"><div class=\"wpb_text_column\"><div class=\"wpb_wrapper\"><p class=\"p1\">Unser Kollagen wird ausschliesslich aus nat\u00fcrlichen Rohstoffen tierischen Ursprungs gewonnen. Diese werden zuvor veterin\u00e4r\u00e4rztlich begutachtet und zum Verzehr f\u00fcr Menschen freigegeben. Der eigentliche Rohstoff f\u00fcr die Herstellung von Kollagenpeptiden ist natives kollagenes Eiweiss von Rinder welche zu 100% aus der Europ\u00e4ische Union stammen.<\/p>\n<p class=\"p1\">Das in Acten verwendete Bioaktive Hydrolysat ist eine Komplexposition verschiedener spezifischer Peptide, die f\u00fcr die Stimulierung der Chondrozyten optimiert sind. Das Ausgangsmaterial kann dem Typ I und Typ II<span class=\"Apple-converted-space\">\u00a0 <\/span>Kollagen zugeteilt werden.<\/p>\n<\/div><\/div><\/div><\/div><\/div><\/div><\/div><\/div><\/div><\/div><\/div><\/div><\/section>\n","protected":false},"excerpt":{"rendered":"H\u00e4ufig gestellte Fragen (FAQs) WARUM SOLLTE ICH ACTEN EINNEHMEN?ACTEN wurde speziell f\u00fcr die Bed\u00fcrfnisse aktiver Gelenke entwickelt und hilft dabei, die k\u00f6rperliche Vitalit\u00e4t aufrechtzuerhalten. Anwendungsgebiet: -Entwickelt f\u00fcr aktive Gelenke und erh\u00f6hten Bedarf an Antioxidationsmitteln -Unterst\u00fctzt die Entz\u00fcndungshemmung -Hilft bei der Linderung bestehender Schmerzen -F\u00f6rdert die Knorpelgesundheit -Revitalisiert und tr\u00e4gt zur Aufrechterhaltung der k\u00f6rperlichen Vitalit\u00e4t bei...","protected":false},"author":1,"featured_media":0,"parent":0,"menu_order":0,"comment_status":"closed","ping_status":"closed","template":"","meta":{"footnotes":""},"yoast_head":"<!-- This site is optimized with the Yoast SEO plugin v21.4 - https:\/\/yoast.com\/wordpress\/plugins\/seo\/ -->\n<title>Fragen &amp; Antworten - Rund um das Thema ACTEN<\/title>\n<meta name=\"description\" content=\"Wissenschaftlich fundiert und aktuell Antworten auf h\u00e4ufig gestellte Fragen rund um ACTEN hier bei acten.com\" \/>\n<meta name=\"robots\" content=\"index, follow, max-snippet:-1, max-image-preview:large, max-video-preview:-1\" \/>\n<link rel=\"canonical\" href=\"https:\/\/www.acten.com\/de\/faqs\/\" \/>\n<meta property=\"og:locale\" content=\"de_DE\" \/>\n<meta property=\"og:type\" content=\"article\" \/>\n<meta property=\"og:title\" content=\"Fragen &amp; Antworten - Rund um das Thema ACTEN\" \/>\n<meta property=\"og:description\" content=\"Wissenschaftlich fundiert und aktuell Antworten auf h\u00e4ufig gestellte Fragen rund um ACTEN hier bei acten.com\" \/>\n<meta property=\"og:url\" content=\"https:\/\/www.acten.com\/de\/faqs\/\" \/>\n<meta property=\"og:site_name\" content=\"ACTEN\" \/>\n<meta property=\"article:modified_time\" content=\"2021-08-27T09:24:01+00:00\" \/>\n<meta name=\"twitter:card\" content=\"summary_large_image\" \/>\n<meta name=\"twitter:label1\" content=\"Gesch\u00e4tzte Lesezeit\" \/>\n\t<meta name=\"twitter:data1\" content=\"4 Minuten\" \/>\n<script type=\"application\/ld+json\" class=\"yoast-schema-graph\">{\"@context\":\"https:\/\/schema.org\",\"@graph\":[{\"@type\":\"WebPage\",\"@id\":\"https:\/\/www.acten.com\/de\/faqs\/\",\"url\":\"https:\/\/www.acten.com\/de\/faqs\/\",\"name\":\"Fragen & Antworten - Rund um das Thema ACTEN\",\"isPartOf\":{\"@id\":\"https:\/\/www.acten.com\/de\/#website\"},\"datePublished\":\"2021-02-24T12:00:21+00:00\",\"dateModified\":\"2021-08-27T09:24:01+00:00\",\"description\":\"Wissenschaftlich fundiert und aktuell Antworten auf h\u00e4ufig gestellte Fragen rund um ACTEN hier bei acten.com\",\"breadcrumb\":{\"@id\":\"https:\/\/www.acten.com\/de\/faqs\/#breadcrumb\"},\"inLanguage\":\"de-DE\",\"potentialAction\":[{\"@type\":\"ReadAction\",\"target\":[\"https:\/\/www.acten.com\/de\/faqs\/\"]}]},{\"@type\":\"BreadcrumbList\",\"@id\":\"https:\/\/www.acten.com\/de\/faqs\/#breadcrumb\",\"itemListElement\":[{\"@type\":\"ListItem\",\"position\":1,\"name\":\"Home\",\"item\":\"https:\/\/www.acten.com\/de\/\"},{\"@type\":\"ListItem\",\"position\":2,\"name\":\"FAQs\"}]},{\"@type\":\"WebSite\",\"@id\":\"https:\/\/www.acten.com\/de\/#website\",\"url\":\"https:\/\/www.acten.com\/de\/\",\"name\":\"ACTEN\",\"description\":\"the natural joint pain relief supplement\",\"publisher\":{\"@id\":\"https:\/\/www.acten.com\/de\/#organization\"},\"potentialAction\":[{\"@type\":\"SearchAction\",\"target\":{\"@type\":\"EntryPoint\",\"urlTemplate\":\"https:\/\/www.acten.com\/de\/?s={search_term_string}\"},\"query-input\":\"required name=search_term_string\"}],\"inLanguage\":\"de-DE\"},{\"@type\":\"Organization\",\"@id\":\"https:\/\/www.acten.com\/de\/#organization\",\"name\":\"Acten\",\"url\":\"https:\/\/www.acten.com\/de\/\",\"logo\":{\"@type\":\"ImageObject\",\"inLanguage\":\"de-DE\",\"@id\":\"https:\/\/www.acten.com\/de\/#\/schema\/logo\/image\/\",\"url\":\"https:\/\/www.acten.com\/wp-content\/uploads\/2021\/03\/acten-claim-1.png\",\"contentUrl\":\"https:\/\/www.acten.com\/wp-content\/uploads\/2021\/03\/acten-claim-1.png\",\"width\":292,\"height\":87,\"caption\":\"Acten\"},\"image\":{\"@id\":\"https:\/\/www.acten.com\/de\/#\/schema\/logo\/image\/\"}}]}<\/script>\n<!-- \/ Yoast SEO plugin. -->","yoast_head_json":{"title":"Fragen & Antworten - Rund um das Thema ACTEN","description":"Wissenschaftlich fundiert und aktuell Antworten auf h\u00e4ufig gestellte Fragen rund um ACTEN hier bei acten.com","robots":{"index":"index","follow":"follow","max-snippet":"max-snippet:-1","max-image-preview":"max-image-preview:large","max-video-preview":"max-video-preview:-1"},"canonical":"https:\/\/www.acten.com\/de\/faqs\/","og_locale":"de_DE","og_type":"article","og_title":"Fragen & Antworten - Rund um das Thema ACTEN","og_description":"Wissenschaftlich fundiert und aktuell Antworten auf h\u00e4ufig gestellte Fragen rund um ACTEN hier bei acten.com","og_url":"https:\/\/www.acten.com\/de\/faqs\/","og_site_name":"ACTEN","article_modified_time":"2021-08-27T09:24:01+00:00","twitter_card":"summary_large_image","twitter_misc":{"Gesch\u00e4tzte Lesezeit":"4 Minuten"},"schema":{"@context":"https:\/\/schema.org","@graph":[{"@type":"WebPage","@id":"https:\/\/www.acten.com\/de\/faqs\/","url":"https:\/\/www.acten.com\/de\/faqs\/","name":"Fragen & Antworten - Rund um das Thema ACTEN","isPartOf":{"@id":"https:\/\/www.acten.com\/de\/#website"},"datePublished":"2021-02-24T12:00:21+00:00","dateModified":"2021-08-27T09:24:01+00:00","description":"Wissenschaftlich fundiert und aktuell Antworten auf h\u00e4ufig gestellte Fragen rund um ACTEN hier bei acten.com","breadcrumb":{"@id":"https:\/\/www.acten.com\/de\/faqs\/#breadcrumb"},"inLanguage":"de-DE","potentialAction":[{"@type":"ReadAction","target":["https:\/\/www.acten.com\/de\/faqs\/"]}]},{"@type":"BreadcrumbList","@id":"https:\/\/www.acten.com\/de\/faqs\/#breadcrumb","itemListElement":[{"@type":"ListItem","position":1,"name":"Home","item":"https:\/\/www.acten.com\/de\/"},{"@type":"ListItem","position":2,"name":"FAQs"}]},{"@type":"WebSite","@id":"https:\/\/www.acten.com\/de\/#website","url":"https:\/\/www.acten.com\/de\/","name":"ACTEN","description":"the natural joint pain relief supplement","publisher":{"@id":"https:\/\/www.acten.com\/de\/#organization"},"potentialAction":[{"@type":"SearchAction","target":{"@type":"EntryPoint","urlTemplate":"https:\/\/www.acten.com\/de\/?s={search_term_string}"},"query-input":"required name=search_term_string"}],"inLanguage":"de-DE"},{"@type":"Organization","@id":"https:\/\/www.acten.com\/de\/#organization","name":"Acten","url":"https:\/\/www.acten.com\/de\/","logo":{"@type":"ImageObject","inLanguage":"de-DE","@id":"https:\/\/www.acten.com\/de\/#\/schema\/logo\/image\/","url":"https:\/\/www.acten.com\/wp-content\/uploads\/2021\/03\/acten-claim-1.png","contentUrl":"https:\/\/www.acten.com\/wp-content\/uploads\/2021\/03\/acten-claim-1.png","width":292,"height":87,"caption":"Acten"},"image":{"@id":"https:\/\/www.acten.com\/de\/#\/schema\/logo\/image\/"}}]}},"_links":{"self":[{"href":"https:\/\/www.acten.com\/de\/wp-json\/wp\/v2\/pages\/8276"}],"collection":[{"href":"https:\/\/www.acten.com\/de\/wp-json\/wp\/v2\/pages"}],"about":[{"href":"https:\/\/www.acten.com\/de\/wp-json\/wp\/v2\/types\/page"}],"author":[{"embeddable":true,"href":"https:\/\/www.acten.com\/de\/wp-json\/wp\/v2\/users\/1"}],"replies":[{"embeddable":true,"href":"https:\/\/www.acten.com\/de\/wp-json\/wp\/v2\/comments?post=8276"}],"version-history":[{"count":7,"href":"https:\/\/www.acten.com\/de\/wp-json\/wp\/v2\/pages\/8276\/revisions"}],"predecessor-version":[{"id":11286,"href":"https:\/\/www.acten.com\/de\/wp-json\/wp\/v2\/pages\/8276\/revisions\/11286"}],"wp:attachment":[{"href":"https:\/\/www.acten.com\/de\/wp-json\/wp\/v2\/media?parent=8276"}],"curies":[{"name":"wp","href":"https:\/\/api.w.org\/{rel}","templated":true}]}}