{"id":8255,"date":"2021-03-23T13:46:58","date_gmt":"2021-03-23T13:46:58","guid":{"rendered":"https:\/\/www.acten.com\/?page_id=8255"},"modified":"2021-06-01T13:21:05","modified_gmt":"2021-06-01T11:21:05","slug":"b2b","status":"publish","type":"page","link":"https:\/\/www.acten.com\/de\/b2b\/","title":{"rendered":"B2B"},"content":{"rendered":"<section class=\"l-section wpb_row height_medium\"><div class=\"l-section-h i-cf\"><div class=\"g-cols vc_row via_flex valign_top type_default stacking_default\"><div class=\"vc_col-sm-6 wpb_column vc_column_container\"><div class=\"vc_column-inner\"><div class=\"wpb_wrapper\"><div class=\"wpb_text_column\"><div class=\"wpb_wrapper\"><h2 class=\"pb-4\">ZUSAMMENARBEITEN &amp; B2B<\/h2>\n<\/div><\/div><div class=\"w-separator size_small\"><\/div><div class=\"wpb_text_column\"><div class=\"wpb_wrapper\"><p>ACTEN ist f\u00fcr alle, die fit und aktiv sein wollen &#8211; und es auch bleiben wollen. Dass wir dabei nur h\u00f6chste Qualit\u00e4tsanspr\u00fcche erf\u00fcllen, versteht sich von selbst.<\/p>\n<p>In enger Zusammenarbeit mit Wissenschaftlern und \u00c4rzten ist es uns gelungen, mit ACTEN ein Produkt zu entwickeln, das aktiv zur Erhaltung der Knorpel- und Gelenkgesundheit beitr\u00e4gt. Unsere speziell entwickelte HYDROIDAN PRO-Formel hat das Potenzial, Millionen von Menschen auf der ganzen Welt zu helfen.<\/p>\n<\/div><\/div><\/div><\/div><\/div><div class=\"vc_col-sm-6 wpb_column vc_column_container\"><div class=\"vc_column-inner\"><div class=\"wpb_wrapper\"><div class=\"w-image align_none\"><a ref=\"magnificPopup\" href=\"https:\/\/www.acten.com\/wp-content\/uploads\/2021\/02\/Ingredients@2x.png\" aria-label=\"Link\" class=\"w-image-h\"><img width=\"1024\" height=\"576\" src=\"https:\/\/www.acten.com\/wp-content\/uploads\/2021\/02\/Ingredients@2x-1024x576.png\" class=\"attachment-large size-large\" alt=\"Acten Ingredients Supplement for healthy joint\" decoding=\"async\" srcset=\"https:\/\/www.acten.com\/wp-content\/uploads\/2021\/02\/Ingredients@2x-1024x576.png 1024w, https:\/\/www.acten.com\/wp-content\/uploads\/2021\/02\/Ingredients@2x-600x338.png 600w, https:\/\/www.acten.com\/wp-content\/uploads\/2021\/02\/Ingredients@2x-300x169.png 300w, https:\/\/www.acten.com\/wp-content\/uploads\/2021\/02\/Ingredients@2x-178x100.png 178w, https:\/\/www.acten.com\/wp-content\/uploads\/2021\/02\/Ingredients@2x-500x281.png 500w, https:\/\/www.acten.com\/wp-content\/uploads\/2021\/02\/Ingredients@2x.png 1966w\" sizes=\"(max-width: 1024px) 100vw, 1024px\" \/><\/a><\/div><div class=\"g-cols wpb_row via_flex valign_top type_default stacking_default\"><div class=\"vc_col-sm-6 wpb_column vc_column_container\"><div class=\"vc_column-inner\"><div class=\"wpb_wrapper\"><div class=\"w-btn-wrapper align_center\"><a class=\"w-btn us-btn-style_1\" title=\"Produkt\" target=\"_blank\" rel=\"nofollow\" href=\"http:\/\/acten.com\/de\/produkt\/\"><span class=\"w-btn-label\">PRODUKT<\/span><\/a><\/div><\/div><\/div><\/div><div class=\"vc_col-sm-6 wpb_column vc_column_container\"><div class=\"vc_column-inner\"><div class=\"wpb_wrapper\"><div class=\"w-btn-wrapper align_center\"><a class=\"w-btn us-btn-style_1\" title=\"Unsere Vision\" target=\"_blank\" rel=\"nofollow\" href=\"http:\/\/acten.com\/de\/unsere-vision\/\"><span class=\"w-btn-label\">UNTERNEHMEN<\/span><\/a><\/div><\/div><\/div><\/div><\/div><\/div><\/div><\/div><\/div><\/div><\/section><section class=\"l-section wpb_row height_medium\"><div class=\"l-section-h i-cf\"><div class=\"g-cols vc_row via_flex valign_top type_default stacking_default\"><div class=\"vc_col-sm-6 wpb_column vc_column_container\"><div class=\"vc_column-inner\"><div class=\"wpb_wrapper\"><form class=\"w-form  layout_ver for_cform us_form_1\" autocomplete=\"off\" action=\"https:\/\/www.acten.com\/de\/wp-json\/wp\/v2\/pages\/8255\" method=\"post\"><div class=\"w-form-h\"><div class=\"w-form-row for_text\">\r\n\t\t<div class=\"w-form-row-field\">\r\n\t\t\t\t\t\t<input aria-label=\"Name\" type=\"text\" name=\"us_form_1_text_1\" value placeholder=\"Name\"\/>\r\n\t\t\t<\/div>\r\n\t\t<div class=\"w-form-row-state\">Bitte f\u00fcllen Sie dieses Feld aus.<\/div>\r\n<\/div>\r\n<div class=\"w-form-row for_email\">\r\n\t\t<div class=\"w-form-row-field\">\r\n\t\t\t\t\t\t<input aria-label=\"Email\" type=\"email\" name=\"us_form_1_email_1\" value placeholder=\"Email\"\/>\r\n\t\t\t<\/div>\r\n\t\t<div class=\"w-form-row-state\">Bitte gib eine g\u00fcltige E-Mail-Adresse ein.<\/div>\r\n<\/div>\r\n<div class=\"w-form-row for_textarea\">\r\n\t\t<div class=\"w-form-row-field\">\r\n\t\t\t\t\t\t<textarea aria-label=\"Text\" name=\"us_form_1_textarea_1\" placeholder=\"Text\"><\/textarea>\r\n\t\t\t<\/div>\r\n\t\t<div class=\"w-form-row-state\">Bitte f\u00fcllen Sie dieses Feld aus.<\/div>\r\n<\/div>\r\n<div class=\"w-form-row for_agreement required\">\r\n\t\t<div class=\"w-form-row-field\">\r\n\t\t\t\t<label>\r\n\t\t\t<input type=\"checkbox\" value=\"1\" data-required=\"true\" aria-required=\"true\" name=\"us_form_1_agreement_1\"\/>\r\n\t\t\t<span>Ich bin daran interessiert, ein Reseller zu werden.<\/span>\r\n\t\t<\/label>\r\n\t\t\t<\/div>\r\n\t\t<div class=\"w-form-row-state\">Sie m\u00fcssen den Bedingungen zustimmen, um fortzufahren.<\/div>\r\n<\/div>\r\n<div class=\"w-form-row for_agreement required\">\r\n\t\t<div class=\"w-form-row-field\">\r\n\t\t\t\t<label>\r\n\t\t\t<input type=\"checkbox\" value=\"1\" data-required=\"true\" aria-required=\"true\" name=\"us_form_1_agreement_2\"\/>\r\n\t\t\t<span>Ich stimme zu, dass meine personenbezogenen Daten zur Bearbeitung der Kontaktanfrage verwendet werden d\u00fcrfen. (Datenschutzrichtlinie).<\/span>\r\n\t\t<\/label>\r\n\t\t\t<\/div>\r\n\t\t<div class=\"w-form-row-state\">Sie m\u00fcssen den Bedingungen zustimmen, um fortzufahren.<\/div>\r\n<\/div>\r\n<input type=\"hidden\" name=\"action\" value=\"us_ajax_cform\" \/>\r\n<input type=\"hidden\" name=\"post_id\" value=\"0\" \/>\r\n<input type=\"hidden\" name=\"form_index\" value=\"1\" \/>\r\n<div class=\"w-form-row for_submit  align_none\">\r\n\t<button class=\"w-btn  us-btn-style_1\" aria-label=\"Senden\" type=\"submit\">\r\n\t\t<span class=\"g-preloader type_1\"><\/span>\r\n\t\t\t\t<span class=\"w-btn-label\">Senden<\/span>\r\n\t\t\t<\/button>\r\n\t<\/div>\r\n<\/div><div class=\"w-form-message\"><\/div><div class=\"w-form-json hidden\" onclick='return {&quot;ajaxurl&quot;:&quot;https:\\\/\\\/www.acten.com\\\/wp-admin\\\/admin-ajax.php&quot;,&quot;messages&quot;:{&quot;err_empty&quot;:&quot;Bitte f\\u00fcllen Sie dieses Feld aus.&quot;,&quot;err_size&quot;:&quot;Die Dateigr\\u00f6\\u00dfe darf %s MB nicht \\u00fcberschreiten&quot;,&quot;err_extension&quot;:&quot;Dateityp %s ist nicht zul\\u00e4ssig&quot;}}'><\/div><\/form><\/div><\/div><\/div><div class=\"vc_col-sm-6 wpb_column vc_column_container\"><div class=\"vc_column-inner\"><div class=\"wpb_wrapper\"><div class=\"w-map provider_google\" id=\"us_map_1\"><div class=\"w-map-inner\"><div class=\"w-map-json\" onclick='return {&quot;address&quot;:&quot;Spinnereistrasse 2, 8866 Ziegelbr\\u00fccke Schweiz&quot;,&quot;disableDragging&quot;:0,&quot;disableZoom&quot;:0,&quot;hideControls&quot;:0,&quot;zoom&quot;:14,&quot;markers&quot;:[{&quot;address&quot;:&quot;Spinnereistrasse 2, 8866 Ziegelbr\\u00fccke Schweiz&quot;,&quot;html&quot;:&quot;&lt;h6&gt;Hey, we are here!&lt;\\\/h6&gt;&lt;p&gt;We will be glad to see you in our office.&lt;\\\/p&gt;&quot;,&quot;infowindow&quot;:&quot;1&quot;}],&quot;maptype&quot;:&quot;ROADMAP&quot;}'><\/div><\/div><\/div><\/div><\/div><\/div><\/div><\/div><\/section>\n","protected":false},"excerpt":{"rendered":"ZUSAMMENARBEITEN &amp; B2B ACTEN ist f\u00fcr alle, die fit und aktiv sein wollen &#8211; und es auch bleiben wollen. Dass wir dabei nur h\u00f6chste Qualit\u00e4tsanspr\u00fcche erf\u00fcllen, versteht sich von selbst. In enger Zusammenarbeit mit Wissenschaftlern und \u00c4rzten ist es uns gelungen, mit ACTEN ein Produkt zu entwickeln, das aktiv zur Erhaltung der Knorpel- und Gelenkgesundheit...","protected":false},"author":1,"featured_media":0,"parent":0,"menu_order":0,"comment_status":"closed","ping_status":"closed","template":"","meta":{"footnotes":""},"yoast_head":"<!-- This site is optimized with the Yoast SEO plugin v21.4 - https:\/\/yoast.com\/wordpress\/plugins\/seo\/ -->\n<title>B2B &amp; Zusammenarbeit - Lern mehr \u00fcber unser Programm mit ACTEN<\/title>\n<meta name=\"description\" content=\"Bist du an B2B &amp; Zusammenarbeit interessier? Trete mit uns in Kontakt und lass uns \u00fcber gemeinsame Synergien sprechen. Das Kontaktformular ...\" \/>\n<meta name=\"robots\" content=\"index, follow, max-snippet:-1, max-image-preview:large, max-video-preview:-1\" \/>\n<link rel=\"canonical\" href=\"https:\/\/www.acten.com\/de\/b2b\/\" \/>\n<meta property=\"og:locale\" content=\"de_DE\" \/>\n<meta property=\"og:type\" content=\"article\" \/>\n<meta property=\"og:title\" content=\"B2B &amp; Zusammenarbeit - Lern mehr \u00fcber unser Programm mit ACTEN\" \/>\n<meta property=\"og:description\" content=\"Bist du an B2B &amp; Zusammenarbeit interessier? Trete mit uns in Kontakt und lass uns \u00fcber gemeinsame Synergien sprechen. Das Kontaktformular ...\" \/>\n<meta property=\"og:url\" content=\"https:\/\/www.acten.com\/de\/b2b\/\" \/>\n<meta property=\"og:site_name\" content=\"ACTEN\" \/>\n<meta property=\"article:modified_time\" content=\"2021-06-01T11:21:05+00:00\" \/>\n<meta name=\"twitter:card\" content=\"summary_large_image\" \/>\n<meta name=\"twitter:label1\" content=\"Gesch\u00e4tzte Lesezeit\" \/>\n\t<meta name=\"twitter:data1\" content=\"2 Minuten\" \/>\n<script type=\"application\/ld+json\" class=\"yoast-schema-graph\">{\"@context\":\"https:\/\/schema.org\",\"@graph\":[{\"@type\":\"WebPage\",\"@id\":\"https:\/\/www.acten.com\/de\/b2b\/\",\"url\":\"https:\/\/www.acten.com\/de\/b2b\/\",\"name\":\"B2B & Zusammenarbeit - Lern mehr \u00fcber unser Programm mit ACTEN\",\"isPartOf\":{\"@id\":\"https:\/\/www.acten.com\/de\/#website\"},\"datePublished\":\"2021-03-23T13:46:58+00:00\",\"dateModified\":\"2021-06-01T11:21:05+00:00\",\"description\":\"Bist du an B2B & Zusammenarbeit interessier? Trete mit uns in Kontakt und lass uns \u00fcber gemeinsame Synergien sprechen. Das Kontaktformular ...\",\"breadcrumb\":{\"@id\":\"https:\/\/www.acten.com\/de\/b2b\/#breadcrumb\"},\"inLanguage\":\"de-DE\",\"potentialAction\":[{\"@type\":\"ReadAction\",\"target\":[\"https:\/\/www.acten.com\/de\/b2b\/\"]}]},{\"@type\":\"BreadcrumbList\",\"@id\":\"https:\/\/www.acten.com\/de\/b2b\/#breadcrumb\",\"itemListElement\":[{\"@type\":\"ListItem\",\"position\":1,\"name\":\"Home\",\"item\":\"https:\/\/www.acten.com\/de\/\"},{\"@type\":\"ListItem\",\"position\":2,\"name\":\"B2B\"}]},{\"@type\":\"WebSite\",\"@id\":\"https:\/\/www.acten.com\/de\/#website\",\"url\":\"https:\/\/www.acten.com\/de\/\",\"name\":\"ACTEN\",\"description\":\"the natural joint pain relief supplement\",\"publisher\":{\"@id\":\"https:\/\/www.acten.com\/de\/#organization\"},\"potentialAction\":[{\"@type\":\"SearchAction\",\"target\":{\"@type\":\"EntryPoint\",\"urlTemplate\":\"https:\/\/www.acten.com\/de\/?s={search_term_string}\"},\"query-input\":\"required name=search_term_string\"}],\"inLanguage\":\"de-DE\"},{\"@type\":\"Organization\",\"@id\":\"https:\/\/www.acten.com\/de\/#organization\",\"name\":\"Acten\",\"url\":\"https:\/\/www.acten.com\/de\/\",\"logo\":{\"@type\":\"ImageObject\",\"inLanguage\":\"de-DE\",\"@id\":\"https:\/\/www.acten.com\/de\/#\/schema\/logo\/image\/\",\"url\":\"https:\/\/www.acten.com\/wp-content\/uploads\/2021\/03\/acten-claim-1.png\",\"contentUrl\":\"https:\/\/www.acten.com\/wp-content\/uploads\/2021\/03\/acten-claim-1.png\",\"width\":292,\"height\":87,\"caption\":\"Acten\"},\"image\":{\"@id\":\"https:\/\/www.acten.com\/de\/#\/schema\/logo\/image\/\"}}]}<\/script>\n<!-- \/ Yoast SEO plugin. -->","yoast_head_json":{"title":"B2B & Zusammenarbeit - Lern mehr \u00fcber unser Programm mit ACTEN","description":"Bist du an B2B & Zusammenarbeit interessier? Trete mit uns in Kontakt und lass uns \u00fcber gemeinsame Synergien sprechen. Das Kontaktformular ...","robots":{"index":"index","follow":"follow","max-snippet":"max-snippet:-1","max-image-preview":"max-image-preview:large","max-video-preview":"max-video-preview:-1"},"canonical":"https:\/\/www.acten.com\/de\/b2b\/","og_locale":"de_DE","og_type":"article","og_title":"B2B & Zusammenarbeit - Lern mehr \u00fcber unser Programm mit ACTEN","og_description":"Bist du an B2B & Zusammenarbeit interessier? Trete mit uns in Kontakt und lass uns \u00fcber gemeinsame Synergien sprechen. Das Kontaktformular ...","og_url":"https:\/\/www.acten.com\/de\/b2b\/","og_site_name":"ACTEN","article_modified_time":"2021-06-01T11:21:05+00:00","twitter_card":"summary_large_image","twitter_misc":{"Gesch\u00e4tzte Lesezeit":"2 Minuten"},"schema":{"@context":"https:\/\/schema.org","@graph":[{"@type":"WebPage","@id":"https:\/\/www.acten.com\/de\/b2b\/","url":"https:\/\/www.acten.com\/de\/b2b\/","name":"B2B & Zusammenarbeit - Lern mehr \u00fcber unser Programm mit ACTEN","isPartOf":{"@id":"https:\/\/www.acten.com\/de\/#website"},"datePublished":"2021-03-23T13:46:58+00:00","dateModified":"2021-06-01T11:21:05+00:00","description":"Bist du an B2B & Zusammenarbeit interessier? Trete mit uns in Kontakt und lass uns \u00fcber gemeinsame Synergien sprechen. Das Kontaktformular ...","breadcrumb":{"@id":"https:\/\/www.acten.com\/de\/b2b\/#breadcrumb"},"inLanguage":"de-DE","potentialAction":[{"@type":"ReadAction","target":["https:\/\/www.acten.com\/de\/b2b\/"]}]},{"@type":"BreadcrumbList","@id":"https:\/\/www.acten.com\/de\/b2b\/#breadcrumb","itemListElement":[{"@type":"ListItem","position":1,"name":"Home","item":"https:\/\/www.acten.com\/de\/"},{"@type":"ListItem","position":2,"name":"B2B"}]},{"@type":"WebSite","@id":"https:\/\/www.acten.com\/de\/#website","url":"https:\/\/www.acten.com\/de\/","name":"ACTEN","description":"the natural joint pain relief supplement","publisher":{"@id":"https:\/\/www.acten.com\/de\/#organization"},"potentialAction":[{"@type":"SearchAction","target":{"@type":"EntryPoint","urlTemplate":"https:\/\/www.acten.com\/de\/?s={search_term_string}"},"query-input":"required name=search_term_string"}],"inLanguage":"de-DE"},{"@type":"Organization","@id":"https:\/\/www.acten.com\/de\/#organization","name":"Acten","url":"https:\/\/www.acten.com\/de\/","logo":{"@type":"ImageObject","inLanguage":"de-DE","@id":"https:\/\/www.acten.com\/de\/#\/schema\/logo\/image\/","url":"https:\/\/www.acten.com\/wp-content\/uploads\/2021\/03\/acten-claim-1.png","contentUrl":"https:\/\/www.acten.com\/wp-content\/uploads\/2021\/03\/acten-claim-1.png","width":292,"height":87,"caption":"Acten"},"image":{"@id":"https:\/\/www.acten.com\/de\/#\/schema\/logo\/image\/"}}]}},"_links":{"self":[{"href":"https:\/\/www.acten.com\/de\/wp-json\/wp\/v2\/pages\/8255"}],"collection":[{"href":"https:\/\/www.acten.com\/de\/wp-json\/wp\/v2\/pages"}],"about":[{"href":"https:\/\/www.acten.com\/de\/wp-json\/wp\/v2\/types\/page"}],"author":[{"embeddable":true,"href":"https:\/\/www.acten.com\/de\/wp-json\/wp\/v2\/users\/1"}],"replies":[{"embeddable":true,"href":"https:\/\/www.acten.com\/de\/wp-json\/wp\/v2\/comments?post=8255"}],"version-history":[{"count":6,"href":"https:\/\/www.acten.com\/de\/wp-json\/wp\/v2\/pages\/8255\/revisions"}],"predecessor-version":[{"id":10234,"href":"https:\/\/www.acten.com\/de\/wp-json\/wp\/v2\/pages\/8255\/revisions\/10234"}],"wp:attachment":[{"href":"https:\/\/www.acten.com\/de\/wp-json\/wp\/v2\/media?parent=8255"}],"curies":[{"name":"wp","href":"https:\/\/api.w.org\/{rel}","templated":true}]}}