{"id":8093,"date":"2021-03-22T13:42:10","date_gmt":"2021-03-22T13:42:10","guid":{"rendered":"https:\/\/www.acten.com\/zur-kasse\/"},"modified":"2025-08-27T14:56:46","modified_gmt":"2025-08-27T12:56:46","slug":"zur-kasse","status":"publish","type":"page","link":"https:\/\/www.acten.com\/de\/zur-kasse\/","title":{"rendered":"Zur Kasse"},"content":{"rendered":"<section class=\"l-section wpb_row height_medium\"><div class=\"l-section-h i-cf\"><div class=\"g-cols vc_row via_flex valign_top type_default stacking_default\"><div class=\"vc_col-sm-12 wpb_column vc_column_container\"><div class=\"vc_column-inner\"><div class=\"wpb_wrapper\"><div class=\"woocommerce\"><\/div><\/div><\/div><\/div><\/div><\/div><\/section>\n","protected":false},"excerpt":{"rendered":"","protected":false},"author":1,"featured_media":0,"parent":0,"menu_order":0,"comment_status":"closed","ping_status":"closed","template":"","meta":{"footnotes":""},"yoast_head":"<!-- This site is optimized with the Yoast SEO plugin v21.4 - https:\/\/yoast.com\/wordpress\/plugins\/seo\/ -->\n<title>Zur Kasse - W\u00e4hle hier deine ACTEN-Produktvariation<\/title>\n<meta name=\"description\" content=\"Zur Kasse und Acten Gel g\u00fcnstig kaufen. W\u00e4hle deine ACTEN Variation und gelange direkt weiter zur Kasse und Check out...\" \/>\n<meta name=\"robots\" content=\"index, follow, max-snippet:-1, max-image-preview:large, max-video-preview:-1\" \/>\n<link rel=\"canonical\" href=\"https:\/\/www.acten.com\/de\/zur-kasse\/\" \/>\n<meta property=\"og:locale\" content=\"de_DE\" \/>\n<meta property=\"og:type\" content=\"article\" \/>\n<meta property=\"og:title\" content=\"Zur Kasse - W\u00e4hle hier deine ACTEN-Produktvariation\" \/>\n<meta property=\"og:description\" content=\"Zur Kasse und Acten Gel g\u00fcnstig kaufen. W\u00e4hle deine ACTEN Variation und gelange direkt weiter zur Kasse und Check out...\" \/>\n<meta property=\"og:url\" content=\"https:\/\/www.acten.com\/de\/zur-kasse\/\" \/>\n<meta property=\"og:site_name\" content=\"ACTEN\" \/>\n<meta property=\"article:modified_time\" content=\"2025-08-27T12:56:46+00:00\" \/>\n<meta name=\"twitter:card\" content=\"summary_large_image\" \/>\n<meta name=\"twitter:label1\" content=\"Gesch\u00e4tzte Lesezeit\" \/>\n\t<meta name=\"twitter:data1\" content=\"1 Minute\" \/>\n<script type=\"application\/ld+json\" class=\"yoast-schema-graph\">{\"@context\":\"https:\/\/schema.org\",\"@graph\":[{\"@type\":\"WebPage\",\"@id\":\"https:\/\/www.acten.com\/de\/zur-kasse\/\",\"url\":\"https:\/\/www.acten.com\/de\/zur-kasse\/\",\"name\":\"Zur Kasse - W\u00e4hle hier deine ACTEN-Produktvariation\",\"isPartOf\":{\"@id\":\"https:\/\/www.acten.com\/de\/#website\"},\"datePublished\":\"2021-03-22T13:42:10+00:00\",\"dateModified\":\"2025-08-27T12:56:46+00:00\",\"description\":\"Zur Kasse und Acten Gel g\u00fcnstig kaufen. W\u00e4hle deine ACTEN Variation und gelange direkt weiter zur Kasse und Check out...\",\"breadcrumb\":{\"@id\":\"https:\/\/www.acten.com\/de\/zur-kasse\/#breadcrumb\"},\"inLanguage\":\"de-DE\",\"potentialAction\":[{\"@type\":\"ReadAction\",\"target\":[\"https:\/\/www.acten.com\/de\/zur-kasse\/\"]}]},{\"@type\":\"BreadcrumbList\",\"@id\":\"https:\/\/www.acten.com\/de\/zur-kasse\/#breadcrumb\",\"itemListElement\":[{\"@type\":\"ListItem\",\"position\":1,\"name\":\"Home\",\"item\":\"https:\/\/www.acten.com\/de\/\"},{\"@type\":\"ListItem\",\"position\":2,\"name\":\"Zur Kasse\"}]},{\"@type\":\"WebSite\",\"@id\":\"https:\/\/www.acten.com\/de\/#website\",\"url\":\"https:\/\/www.acten.com\/de\/\",\"name\":\"ACTEN\",\"description\":\"the natural joint pain relief supplement\",\"publisher\":{\"@id\":\"https:\/\/www.acten.com\/de\/#organization\"},\"potentialAction\":[{\"@type\":\"SearchAction\",\"target\":{\"@type\":\"EntryPoint\",\"urlTemplate\":\"https:\/\/www.acten.com\/de\/?s={search_term_string}\"},\"query-input\":\"required name=search_term_string\"}],\"inLanguage\":\"de-DE\"},{\"@type\":\"Organization\",\"@id\":\"https:\/\/www.acten.com\/de\/#organization\",\"name\":\"Acten\",\"url\":\"https:\/\/www.acten.com\/de\/\",\"logo\":{\"@type\":\"ImageObject\",\"inLanguage\":\"de-DE\",\"@id\":\"https:\/\/www.acten.com\/de\/#\/schema\/logo\/image\/\",\"url\":\"https:\/\/www.acten.com\/wp-content\/uploads\/2021\/03\/acten-claim-1.png\",\"contentUrl\":\"https:\/\/www.acten.com\/wp-content\/uploads\/2021\/03\/acten-claim-1.png\",\"width\":292,\"height\":87,\"caption\":\"Acten\"},\"image\":{\"@id\":\"https:\/\/www.acten.com\/de\/#\/schema\/logo\/image\/\"}}]}<\/script>\n<!-- \/ Yoast SEO plugin. -->","yoast_head_json":{"title":"Zur Kasse - W\u00e4hle hier deine ACTEN-Produktvariation","description":"Zur Kasse und Acten Gel g\u00fcnstig kaufen. W\u00e4hle deine ACTEN Variation und gelange direkt weiter zur Kasse und Check out...","robots":{"index":"index","follow":"follow","max-snippet":"max-snippet:-1","max-image-preview":"max-image-preview:large","max-video-preview":"max-video-preview:-1"},"canonical":"https:\/\/www.acten.com\/de\/zur-kasse\/","og_locale":"de_DE","og_type":"article","og_title":"Zur Kasse - W\u00e4hle hier deine ACTEN-Produktvariation","og_description":"Zur Kasse und Acten Gel g\u00fcnstig kaufen. W\u00e4hle deine ACTEN Variation und gelange direkt weiter zur Kasse und Check out...","og_url":"https:\/\/www.acten.com\/de\/zur-kasse\/","og_site_name":"ACTEN","article_modified_time":"2025-08-27T12:56:46+00:00","twitter_card":"summary_large_image","twitter_misc":{"Gesch\u00e4tzte Lesezeit":"1 Minute"},"schema":{"@context":"https:\/\/schema.org","@graph":[{"@type":"WebPage","@id":"https:\/\/www.acten.com\/de\/zur-kasse\/","url":"https:\/\/www.acten.com\/de\/zur-kasse\/","name":"Zur Kasse - W\u00e4hle hier deine ACTEN-Produktvariation","isPartOf":{"@id":"https:\/\/www.acten.com\/de\/#website"},"datePublished":"2021-03-22T13:42:10+00:00","dateModified":"2025-08-27T12:56:46+00:00","description":"Zur Kasse und Acten Gel g\u00fcnstig kaufen. W\u00e4hle deine ACTEN Variation und gelange direkt weiter zur Kasse und Check out...","breadcrumb":{"@id":"https:\/\/www.acten.com\/de\/zur-kasse\/#breadcrumb"},"inLanguage":"de-DE","potentialAction":[{"@type":"ReadAction","target":["https:\/\/www.acten.com\/de\/zur-kasse\/"]}]},{"@type":"BreadcrumbList","@id":"https:\/\/www.acten.com\/de\/zur-kasse\/#breadcrumb","itemListElement":[{"@type":"ListItem","position":1,"name":"Home","item":"https:\/\/www.acten.com\/de\/"},{"@type":"ListItem","position":2,"name":"Zur Kasse"}]},{"@type":"WebSite","@id":"https:\/\/www.acten.com\/de\/#website","url":"https:\/\/www.acten.com\/de\/","name":"ACTEN","description":"the natural joint pain relief supplement","publisher":{"@id":"https:\/\/www.acten.com\/de\/#organization"},"potentialAction":[{"@type":"SearchAction","target":{"@type":"EntryPoint","urlTemplate":"https:\/\/www.acten.com\/de\/?s={search_term_string}"},"query-input":"required name=search_term_string"}],"inLanguage":"de-DE"},{"@type":"Organization","@id":"https:\/\/www.acten.com\/de\/#organization","name":"Acten","url":"https:\/\/www.acten.com\/de\/","logo":{"@type":"ImageObject","inLanguage":"de-DE","@id":"https:\/\/www.acten.com\/de\/#\/schema\/logo\/image\/","url":"https:\/\/www.acten.com\/wp-content\/uploads\/2021\/03\/acten-claim-1.png","contentUrl":"https:\/\/www.acten.com\/wp-content\/uploads\/2021\/03\/acten-claim-1.png","width":292,"height":87,"caption":"Acten"},"image":{"@id":"https:\/\/www.acten.com\/de\/#\/schema\/logo\/image\/"}}]}},"_links":{"self":[{"href":"https:\/\/www.acten.com\/de\/wp-json\/wp\/v2\/pages\/8093"}],"collection":[{"href":"https:\/\/www.acten.com\/de\/wp-json\/wp\/v2\/pages"}],"about":[{"href":"https:\/\/www.acten.com\/de\/wp-json\/wp\/v2\/types\/page"}],"author":[{"embeddable":true,"href":"https:\/\/www.acten.com\/de\/wp-json\/wp\/v2\/users\/1"}],"replies":[{"embeddable":true,"href":"https:\/\/www.acten.com\/de\/wp-json\/wp\/v2\/comments?post=8093"}],"version-history":[{"count":12,"href":"https:\/\/www.acten.com\/de\/wp-json\/wp\/v2\/pages\/8093\/revisions"}],"predecessor-version":[{"id":12831,"href":"https:\/\/www.acten.com\/de\/wp-json\/wp\/v2\/pages\/8093\/revisions\/12831"}],"wp:attachment":[{"href":"https:\/\/www.acten.com\/de\/wp-json\/wp\/v2\/media?parent=8093"}],"curies":[{"name":"wp","href":"https:\/\/api.w.org\/{rel}","templated":true}]}}