{"id":8092,"date":"2020-08-24T12:53:32","date_gmt":"2020-08-24T12:53:32","guid":{"rendered":"https:\/\/www.acten.com\/einkaufswagen\/"},"modified":"2025-08-27T14:57:28","modified_gmt":"2025-08-27T12:57:28","slug":"warenkorb","status":"publish","type":"page","link":"https:\/\/www.acten.com\/de\/warenkorb\/","title":{"rendered":"Warenkorb"},"content":{"rendered":"<section class=\"l-section wpb_row us_custom_0490361b height_medium\"><div class=\"l-section-h i-cf\"><div class=\"g-cols vc_row via_flex valign_top type_default stacking_default\"><div class=\"vc_col-sm-12 wpb_column vc_column_container\"><div class=\"vc_column-inner\"><div class=\"wpb_wrapper\"><div class=\"wpb_text_column\"><div class=\"wpb_wrapper\">\n<p>\n<\/div><\/div><\/div><\/div><\/div><\/div><\/div><\/section><section class=\"l-section wpb_row us_custom_5cd26a65 height_medium\"><div class=\"l-section-h i-cf\"><div class=\"g-cols vc_row via_flex valign_top type_default stacking_default\"><div class=\"vc_col-sm-12 wpb_column vc_column_container\"><div class=\"vc_column-inner\"><div class=\"wpb_wrapper\"><div class=\"w-grid type_grid layout_10325 cols_3 overflow_hidden\" id=\"us_grid_1\" style=\"--gap:1.5rem;\" data-filterable=\"true\"><style>@media (max-width:1024px){#us_grid_1 .w-grid-item{width:50%}}@media (max-width:600px){#us_grid_1 .w-grid-list{margin:0}#us_grid_1 .w-grid-item{width:100%;padding:0;margin-bottom:var(--gap,0px)}}.layout_10325 .w-grid-item-h{background:var(--color-content-bg);color:var(--color-content-text)}.layout_10325 .usg_vwrapper_1{transition-duration:0.3s;transform-origin:50% 50%;transform:scale(1) translate(0%,0%)}.layout_10325 .w-grid-item-h:hover .usg_vwrapper_1{transform:scale(1) translate(0%,0%);opacity:1;border-color:var(--color-header-middle-text)!important}.layout_10325 .usg_add_to_cart_1{width:100%!important;position:absolute!important;left:0!important;bottom:0!important;right:0!important}.layout_10325 .usg_product_field_1{color:#ffffff!important;font-weight:700!important;text-transform:uppercase!important;font-size:12px!important;padding-left:0.8rem!important;padding-right:0.8rem!important;position:absolute!important;left:10px!important;top:10px!important;background:var(--color-content-primary)!important}.layout_10325 .usg_post_title_1{color:var(--color-content-primary)!important;font-weight:600!important;font-size:1.5rem!important}.layout_10325 .usg_product_field_2{color:var(--color-header-middle-text)!important;font-weight:700!important;font-size:1.5rem!important;margin-bottom:80px!important}.layout_10325 .usg_vwrapper_1{padding-left:10px!important;padding-top:10px!important;padding-right:10px!important;border-radius:0.3rem!important;border:2px solid var(--color-content-border)!important}<\/style><div class=\"w-grid-list\">\t<article class=\"w-grid-item size_1x1 post-9498 product type-product status-publish has-post-thumbnail hentry product_cat-acten-de\" data-id=\"9498\">\r\n\t\t<div class=\"w-grid-item-h\">\r\n\t\t\t\t\t\t<div class=\"w-vwrapper usg_vwrapper_1 align_left valign_top\"><div class=\"w-post-elm post_image usg_post_image_1 stretched\"><a href=\"https:\/\/www.acten.com\/de\/produkt\/acten-box\/\" aria-label=\"ACTEN Box\"><img width=\"600\" height=\"600\" src=\"https:\/\/www.acten.com\/wp-content\/uploads\/2021\/02\/1-boxen-shop-Ca\u0301mara.webp\" class=\"attachment-full size-full wp-post-image\" alt=\"\" decoding=\"async\" srcset=\"https:\/\/www.acten.com\/wp-content\/uploads\/2021\/02\/1-boxen-shop-Ca\u0301mara.webp 600w, https:\/\/www.acten.com\/wp-content\/uploads\/2021\/02\/1-boxen-shop-Ca\u0301mara-300x300.webp 300w, https:\/\/www.acten.com\/wp-content\/uploads\/2021\/02\/1-boxen-shop-Ca\u0301mara-150x150.webp 150w, https:\/\/www.acten.com\/wp-content\/uploads\/2021\/02\/1-boxen-shop-Ca\u0301mara-350x350.webp 350w, https:\/\/www.acten.com\/wp-content\/uploads\/2021\/02\/1-boxen-shop-Ca\u0301mara-100x100.webp 100w, https:\/\/www.acten.com\/wp-content\/uploads\/2021\/02\/1-boxen-shop-Ca\u0301mara-500x500.webp 500w\" sizes=\"(max-width: 600px) 100vw, 600px\" \/><\/a><\/div><h2 class=\"w-post-elm post_title usg_post_title_1 has_text_color woocommerce-loop-product__title color_link_inherit\"><a href=\"https:\/\/www.acten.com\/de\/produkt\/acten-box\/\">ACTEN Box<\/a><\/h2><div class=\"w-post-elm post_content usg_post_content_1 with_collapsible_content\" data-content-height=\"100px\"><div><div class=\"desc\">1 Box<\/div>\r\n<div>(30 Packungen)<\/div>\r\n<div>\r\n\r\nLieferzeit 3-5 Arbeitstage\r\n\r\n<\/div><\/div><div class=\"toggle-links align_default\"><button class=\"collapsible-content-more\">SUBSCRIBE POLICY<\/button><button class=\"collapsible-content-less\">Show Less<\/button><\/div><\/div><p class=\"w-post-elm product_field price usg_product_field_2 has_text_color\"><span class=\"woocommerce-Price-amount amount\"><bdi><span class=\"woocommerce-Price-currencySymbol\">&euro;<\/span>89.00<\/bdi><\/span><\/p><div class=\"w-btn-wrapper woocommerce usg_add_to_cart_1\"><a href=\"?add-to-cart=9498\" data-quantity=\"1\" class=\"button product_type_simple add_to_cart_button ajax_add_to_cart\" data-product_id=\"9498\" data-product_sku=\"36202200\" aria-label=\"\u201eACTEN Box\u201c zu deinem Warenkorb hinzuf\u00fcgen\" aria-describedby=\"\" rel=\"nofollow\"><i class=\"g-preloader type_1\"><\/i><span class=\"w-btn-label\">In den Warenkorb<\/span><\/a><\/div><\/div>\t\t<\/div>\r\n\t<\/article>\r\n\t<article class=\"w-grid-item size_1x1 post-9497 product type-product status-publish has-post-thumbnail hentry product_cat-acten-de\" data-id=\"9497\">\r\n\t\t<div class=\"w-grid-item-h\">\r\n\t\t\t\t\t\t<div class=\"w-vwrapper usg_vwrapper_1 align_left valign_top\"><div class=\"w-post-elm post_image usg_post_image_1 stretched\"><a href=\"https:\/\/www.acten.com\/de\/produkt\/acten-box-2\/\" aria-label=\"ACTEN Pro\"><img width=\"600\" height=\"600\" src=\"https:\/\/www.acten.com\/wp-content\/uploads\/2021\/02\/3-boxen-shop-Ca\u0301mara.webp\" class=\"attachment-full size-full wp-post-image\" alt=\"\" decoding=\"async\" srcset=\"https:\/\/www.acten.com\/wp-content\/uploads\/2021\/02\/3-boxen-shop-Ca\u0301mara.webp 600w, https:\/\/www.acten.com\/wp-content\/uploads\/2021\/02\/3-boxen-shop-Ca\u0301mara-300x300.webp 300w, https:\/\/www.acten.com\/wp-content\/uploads\/2021\/02\/3-boxen-shop-Ca\u0301mara-150x150.webp 150w, https:\/\/www.acten.com\/wp-content\/uploads\/2021\/02\/3-boxen-shop-Ca\u0301mara-350x350.webp 350w, https:\/\/www.acten.com\/wp-content\/uploads\/2021\/02\/3-boxen-shop-Ca\u0301mara-100x100.webp 100w, https:\/\/www.acten.com\/wp-content\/uploads\/2021\/02\/3-boxen-shop-Ca\u0301mara-500x500.webp 500w\" sizes=\"(max-width: 600px) 100vw, 600px\" \/><\/a><\/div><div class=\"w-post-elm product_field sale_badge usg_product_field_1 has_text_color onsale\">DEAL<\/div><h2 class=\"w-post-elm post_title usg_post_title_1 has_text_color woocommerce-loop-product__title color_link_inherit\"><a href=\"https:\/\/www.acten.com\/de\/produkt\/acten-box-2\/\">ACTEN Pro<\/a><\/h2><div class=\"w-post-elm post_content usg_post_content_1 with_collapsible_content\" data-content-height=\"100px\"><div><div class=\"desc\">3 Boxen<\/div>\n<div>(90 Packungen)<\/div>\n<div>\n<p>Lieferzeit 3-5 Arbeitstage<\/p>\n<\/div>\n<\/div><div class=\"toggle-links align_default\"><button class=\"collapsible-content-more\">SUBSCRIBE POLICY<\/button><button class=\"collapsible-content-less\">Show Less<\/button><\/div><\/div><p class=\"w-post-elm product_field price usg_product_field_2 has_text_color\"><del aria-hidden=\"true\"><span class=\"woocommerce-Price-amount amount\"><bdi><span class=\"woocommerce-Price-currencySymbol\">&euro;<\/span>267.00<\/bdi><\/span><\/del> <ins><span class=\"woocommerce-Price-amount amount\"><bdi><span class=\"woocommerce-Price-currencySymbol\">&euro;<\/span>258.00<\/bdi><\/span><\/ins><\/p><div class=\"w-btn-wrapper woocommerce usg_add_to_cart_1\"><a href=\"?add-to-cart=9497\" data-quantity=\"1\" class=\"button product_type_simple add_to_cart_button ajax_add_to_cart\" data-product_id=\"9497\" data-product_sku=\"36202200-2\" aria-label=\"\u201eACTEN Pro\u201c zu deinem Warenkorb hinzuf\u00fcgen\" aria-describedby=\"\" rel=\"nofollow\"><i class=\"g-preloader type_1\"><\/i><span class=\"w-btn-label\">In den Warenkorb<\/span><\/a><\/div><\/div>\t\t<\/div>\r\n\t<\/article>\r\n\t<article class=\"w-grid-item size_1x1 post-9496 product type-product status-publish has-post-thumbnail hentry product_cat-acten-de\" data-id=\"9496\">\r\n\t\t<div class=\"w-grid-item-h\">\r\n\t\t\t\t\t\t<div class=\"w-vwrapper usg_vwrapper_1 align_left valign_top\"><div class=\"w-post-elm post_image usg_post_image_1 stretched\"><a href=\"https:\/\/www.acten.com\/de\/produkt\/acten-subscription\/\" aria-label=\"ACTEN Abo\"><img width=\"600\" height=\"600\" src=\"https:\/\/www.acten.com\/wp-content\/uploads\/2021\/02\/3-boxen-shop-Ca\u0301mara.webp\" class=\"attachment-full size-full wp-post-image\" alt=\"\" decoding=\"async\" srcset=\"https:\/\/www.acten.com\/wp-content\/uploads\/2021\/02\/3-boxen-shop-Ca\u0301mara.webp 600w, https:\/\/www.acten.com\/wp-content\/uploads\/2021\/02\/3-boxen-shop-Ca\u0301mara-300x300.webp 300w, https:\/\/www.acten.com\/wp-content\/uploads\/2021\/02\/3-boxen-shop-Ca\u0301mara-150x150.webp 150w, https:\/\/www.acten.com\/wp-content\/uploads\/2021\/02\/3-boxen-shop-Ca\u0301mara-350x350.webp 350w, https:\/\/www.acten.com\/wp-content\/uploads\/2021\/02\/3-boxen-shop-Ca\u0301mara-100x100.webp 100w, https:\/\/www.acten.com\/wp-content\/uploads\/2021\/02\/3-boxen-shop-Ca\u0301mara-500x500.webp 500w\" sizes=\"(max-width: 600px) 100vw, 600px\" \/><\/a><\/div><div class=\"w-post-elm product_field sale_badge usg_product_field_1 has_text_color onsale\">DEAL<\/div><h2 class=\"w-post-elm post_title usg_post_title_1 has_text_color woocommerce-loop-product__title color_link_inherit\"><a href=\"https:\/\/www.acten.com\/de\/produkt\/acten-subscription\/\">ACTEN Abo<\/a><\/h2><div class=\"w-post-elm post_content usg_post_content_1 with_collapsible_content\" data-content-height=\"100px\"><div><p>W\u00e4hlen Sie die Anzahl der Boxen und die Lieferfrequenz<\/p>\n<p>ABONNIEREN &amp; SPAREN<\/p>\n<p>Mit einem Abonnement erhalten Sie Ihre Acten, wann immer Sie wollen, mit einem unschlagbaren Preisvorteil. Automatisch und sorgenfrei k\u00f6nnen Sie Ihre Bestellung jederzeit und problemlos stornieren oder anpassen. Ihre Zahlungsmethode wird erst unmittelbar vor dem Versand Ihrer Bestellung belastet. Ihr ACTEN-Abonnement l\u00e4uft bis zur K\u00fcndigung weiter. Sie k\u00f6nnen Ihre ACTEN-Abonnements jederzeit auf das Ende des folge Monats in Ihrem Konto-Dashboard oder durch Kontaktaufnahme mit dem ACTEN-Kundendienst k\u00fcndigen oder \u00e4ndern.<\/p>\n<p>Weitere Informationen finden Sie in den vollst\u00e4ndigen <a href=\"https:\/\/www.acten.com\/de\/abo-programm\/\">ACTEN-Abonnement-Bedingungen<\/a><\/p>\n<p>Lieferzeit 3-5 Arbeitstage<\/p>\n<p>&nbsp;<\/p>\n<\/div><div class=\"toggle-links align_default\"><button class=\"collapsible-content-more\">SUBSCRIBE POLICY<\/button><button class=\"collapsible-content-less\">Show Less<\/button><\/div><\/div><p class=\"w-post-elm product_field price usg_product_field_2 has_text_color\"><span class=\"from\">Ab: <\/span><span class=\"woocommerce-Price-amount amount\"><bdi><span class=\"woocommerce-Price-currencySymbol\">&euro;<\/span>83.00<\/bdi><\/span> <span class=\"subscription-details\"> alle 3 Monate<\/span><\/p><div class=\"w-btn-wrapper woocommerce usg_add_to_cart_1\"><a href=\"https:\/\/www.acten.com\/de\/produkt\/acten-subscription\/\" data-quantity=\"1\" class=\"button product_type_variable-subscription add_to_cart_button\" data-product_id=\"9496\" data-product_sku=\"36202200-1-1\" aria-label=\"W\u00e4hle Optionen f\u00fcr \u201eACTEN Abo\u201c\" aria-describedby=\"This product has multiple variants. The options may be chosen on the product page\" rel=\"nofollow\"><i class=\"g-preloader type_1\"><\/i><span class=\"w-btn-label\">Ausf\u00fchrung w\u00e4hlen<\/span><\/a><\/div><\/div>\t\t<\/div>\r\n\t<\/article>\r\n<\/div><div class=\"w-grid-preloader\"><div class=\"g-preloader type_1\">\r\n\t<div><\/div>\r\n<\/div>\r\n<\/div>\t<div class=\"w-grid-json hidden\" onclick='return {&quot;action&quot;:&quot;us_ajax_grid&quot;,&quot;ajax_url&quot;:&quot;https:\\\/\\\/www.acten.com\\\/wp-admin\\\/admin-ajax.php&quot;,&quot;infinite_scroll&quot;:0,&quot;max_num_pages&quot;:2,&quot;pagination&quot;:&quot;none&quot;,&quot;permalink_url&quot;:&quot;https:\\\/\\\/www.acten.com\\\/de\\\/wp-json\\\/wp\\\/v2\\\/pages\\\/8092\\\/&quot;,&quot;template_vars&quot;:{&quot;columns&quot;:&quot;3&quot;,&quot;exclude_items&quot;:&quot;none&quot;,&quot;img_size&quot;:&quot;default&quot;,&quot;ignore_items_size&quot;:0,&quot;items_layout&quot;:&quot;10325&quot;,&quot;items_offset&quot;:&quot;1&quot;,&quot;load_animation&quot;:&quot;none&quot;,&quot;overriding_link&quot;:&quot;{\\&quot;url\\&quot;:\\&quot;\\&quot;}&quot;,&quot;post_id&quot;:0,&quot;query_args&quot;:{&quot;post_type&quot;:[&quot;product&quot;],&quot;post_status&quot;:[&quot;publish&quot;],&quot;meta_query&quot;:[],&quot;tax_query&quot;:[{&quot;taxonomy&quot;:&quot;product_visibility&quot;,&quot;field&quot;:&quot;slug&quot;,&quot;terms&quot;:[&quot;exclude-from-catalog&quot;],&quot;operator&quot;:&quot;NOT IN&quot;}],&quot;posts_per_page&quot;:&quot;3&quot;},&quot;orderby_query_args&quot;:{&quot;orderby&quot;:{&quot;date&quot;:&quot;ASC&quot;}},&quot;type&quot;:&quot;grid&quot;,&quot;us_grid_ajax_index&quot;:1,&quot;us_grid_filter_params&quot;:null,&quot;us_grid_index&quot;:1,&quot;_us_grid_post_type&quot;:&quot;product&quot;,&quot;page_args&quot;:[],&quot;lang&quot;:&quot;de&quot;}}'><\/div>\r\n\t<\/div><\/div><\/div><\/div><\/div><\/div><\/section>","protected":false},"excerpt":{"rendered":"W\u00e4hlen Sie die Anzahl der Boxen und die Lieferfrequenz ABONNIEREN &amp; SPAREN Mit einem Abonnement erhalten Sie Ihre Acten, wann immer Sie wollen, mit einem unschlagbaren Preisvorteil. Automatisch und sorgenfrei k\u00f6nnen Sie Ihre Bestellung jederzeit und problemlos stornieren oder anpassen. Ihre Zahlungsmethode wird erst unmittelbar vor dem Versand Ihrer Bestellung belastet. Ihr ACTEN-Abonnement l\u00e4uft bis...","protected":false},"author":1,"featured_media":0,"parent":0,"menu_order":0,"comment_status":"closed","ping_status":"closed","template":"","meta":{"footnotes":""},"yoast_head":"<!-- This site is optimized with the Yoast SEO plugin v21.4 - https:\/\/yoast.com\/wordpress\/plugins\/seo\/ -->\n<title>Warenkorb - ACTEN<\/title>\n<meta name=\"description\" content=\"Im Warenkorb finden Sie ihre ausgew\u00e4hlten Produkte und werden nach \u00dcberpr\u00fcfung umgehend an die Kasse weitergeleitet.\" \/>\n<meta name=\"robots\" content=\"index, follow, max-snippet:-1, max-image-preview:large, max-video-preview:-1\" \/>\n<link rel=\"canonical\" href=\"https:\/\/www.acten.com\/de\/warenkorb\/\" \/>\n<meta property=\"og:locale\" content=\"de_DE\" \/>\n<meta property=\"og:type\" content=\"article\" \/>\n<meta property=\"og:title\" content=\"Warenkorb - ACTEN\" \/>\n<meta property=\"og:description\" content=\"Im Warenkorb finden Sie ihre ausgew\u00e4hlten Produkte und werden nach \u00dcberpr\u00fcfung umgehend an die Kasse weitergeleitet.\" \/>\n<meta property=\"og:url\" content=\"https:\/\/www.acten.com\/de\/warenkorb\/\" \/>\n<meta property=\"og:site_name\" content=\"ACTEN\" \/>\n<meta property=\"article:modified_time\" content=\"2025-08-27T12:57:28+00:00\" \/>\n<meta name=\"twitter:card\" content=\"summary_large_image\" \/>\n<meta name=\"twitter:label1\" content=\"Gesch\u00e4tzte Lesezeit\" \/>\n\t<meta name=\"twitter:data1\" content=\"1 Minute\" \/>\n<script type=\"application\/ld+json\" class=\"yoast-schema-graph\">{\"@context\":\"https:\/\/schema.org\",\"@graph\":[{\"@type\":\"WebPage\",\"@id\":\"https:\/\/www.acten.com\/de\/warenkorb\/\",\"url\":\"https:\/\/www.acten.com\/de\/warenkorb\/\",\"name\":\"Warenkorb - ACTEN\",\"isPartOf\":{\"@id\":\"https:\/\/www.acten.com\/de\/#website\"},\"datePublished\":\"2020-08-24T12:53:32+00:00\",\"dateModified\":\"2025-08-27T12:57:28+00:00\",\"description\":\"Im Warenkorb finden Sie ihre ausgew\u00e4hlten Produkte und werden nach \u00dcberpr\u00fcfung umgehend an die Kasse weitergeleitet.\",\"breadcrumb\":{\"@id\":\"https:\/\/www.acten.com\/de\/warenkorb\/#breadcrumb\"},\"inLanguage\":\"de-DE\",\"potentialAction\":[{\"@type\":\"ReadAction\",\"target\":[\"https:\/\/www.acten.com\/de\/warenkorb\/\"]}]},{\"@type\":\"BreadcrumbList\",\"@id\":\"https:\/\/www.acten.com\/de\/warenkorb\/#breadcrumb\",\"itemListElement\":[{\"@type\":\"ListItem\",\"position\":1,\"name\":\"Home\",\"item\":\"https:\/\/www.acten.com\/de\/\"},{\"@type\":\"ListItem\",\"position\":2,\"name\":\"Warenkorb\"}]},{\"@type\":\"WebSite\",\"@id\":\"https:\/\/www.acten.com\/de\/#website\",\"url\":\"https:\/\/www.acten.com\/de\/\",\"name\":\"ACTEN\",\"description\":\"the natural joint pain relief supplement\",\"publisher\":{\"@id\":\"https:\/\/www.acten.com\/de\/#organization\"},\"potentialAction\":[{\"@type\":\"SearchAction\",\"target\":{\"@type\":\"EntryPoint\",\"urlTemplate\":\"https:\/\/www.acten.com\/de\/?s={search_term_string}\"},\"query-input\":\"required name=search_term_string\"}],\"inLanguage\":\"de-DE\"},{\"@type\":\"Organization\",\"@id\":\"https:\/\/www.acten.com\/de\/#organization\",\"name\":\"Acten\",\"url\":\"https:\/\/www.acten.com\/de\/\",\"logo\":{\"@type\":\"ImageObject\",\"inLanguage\":\"de-DE\",\"@id\":\"https:\/\/www.acten.com\/de\/#\/schema\/logo\/image\/\",\"url\":\"https:\/\/www.acten.com\/wp-content\/uploads\/2021\/03\/acten-claim-1.png\",\"contentUrl\":\"https:\/\/www.acten.com\/wp-content\/uploads\/2021\/03\/acten-claim-1.png\",\"width\":292,\"height\":87,\"caption\":\"Acten\"},\"image\":{\"@id\":\"https:\/\/www.acten.com\/de\/#\/schema\/logo\/image\/\"}}]}<\/script>\n<!-- \/ Yoast SEO plugin. -->","yoast_head_json":{"title":"Warenkorb - ACTEN","description":"Im Warenkorb finden Sie ihre ausgew\u00e4hlten Produkte und werden nach \u00dcberpr\u00fcfung umgehend an die Kasse weitergeleitet.","robots":{"index":"index","follow":"follow","max-snippet":"max-snippet:-1","max-image-preview":"max-image-preview:large","max-video-preview":"max-video-preview:-1"},"canonical":"https:\/\/www.acten.com\/de\/warenkorb\/","og_locale":"de_DE","og_type":"article","og_title":"Warenkorb - ACTEN","og_description":"Im Warenkorb finden Sie ihre ausgew\u00e4hlten Produkte und werden nach \u00dcberpr\u00fcfung umgehend an die Kasse weitergeleitet.","og_url":"https:\/\/www.acten.com\/de\/warenkorb\/","og_site_name":"ACTEN","article_modified_time":"2025-08-27T12:57:28+00:00","twitter_card":"summary_large_image","twitter_misc":{"Gesch\u00e4tzte Lesezeit":"1 Minute"},"schema":{"@context":"https:\/\/schema.org","@graph":[{"@type":"WebPage","@id":"https:\/\/www.acten.com\/de\/warenkorb\/","url":"https:\/\/www.acten.com\/de\/warenkorb\/","name":"Warenkorb - ACTEN","isPartOf":{"@id":"https:\/\/www.acten.com\/de\/#website"},"datePublished":"2020-08-24T12:53:32+00:00","dateModified":"2025-08-27T12:57:28+00:00","description":"Im Warenkorb finden Sie ihre ausgew\u00e4hlten Produkte und werden nach \u00dcberpr\u00fcfung umgehend an die Kasse weitergeleitet.","breadcrumb":{"@id":"https:\/\/www.acten.com\/de\/warenkorb\/#breadcrumb"},"inLanguage":"de-DE","potentialAction":[{"@type":"ReadAction","target":["https:\/\/www.acten.com\/de\/warenkorb\/"]}]},{"@type":"BreadcrumbList","@id":"https:\/\/www.acten.com\/de\/warenkorb\/#breadcrumb","itemListElement":[{"@type":"ListItem","position":1,"name":"Home","item":"https:\/\/www.acten.com\/de\/"},{"@type":"ListItem","position":2,"name":"Warenkorb"}]},{"@type":"WebSite","@id":"https:\/\/www.acten.com\/de\/#website","url":"https:\/\/www.acten.com\/de\/","name":"ACTEN","description":"the natural joint pain relief supplement","publisher":{"@id":"https:\/\/www.acten.com\/de\/#organization"},"potentialAction":[{"@type":"SearchAction","target":{"@type":"EntryPoint","urlTemplate":"https:\/\/www.acten.com\/de\/?s={search_term_string}"},"query-input":"required name=search_term_string"}],"inLanguage":"de-DE"},{"@type":"Organization","@id":"https:\/\/www.acten.com\/de\/#organization","name":"Acten","url":"https:\/\/www.acten.com\/de\/","logo":{"@type":"ImageObject","inLanguage":"de-DE","@id":"https:\/\/www.acten.com\/de\/#\/schema\/logo\/image\/","url":"https:\/\/www.acten.com\/wp-content\/uploads\/2021\/03\/acten-claim-1.png","contentUrl":"https:\/\/www.acten.com\/wp-content\/uploads\/2021\/03\/acten-claim-1.png","width":292,"height":87,"caption":"Acten"},"image":{"@id":"https:\/\/www.acten.com\/de\/#\/schema\/logo\/image\/"}}]}},"_links":{"self":[{"href":"https:\/\/www.acten.com\/de\/wp-json\/wp\/v2\/pages\/8092"}],"collection":[{"href":"https:\/\/www.acten.com\/de\/wp-json\/wp\/v2\/pages"}],"about":[{"href":"https:\/\/www.acten.com\/de\/wp-json\/wp\/v2\/types\/page"}],"author":[{"embeddable":true,"href":"https:\/\/www.acten.com\/de\/wp-json\/wp\/v2\/users\/1"}],"replies":[{"embeddable":true,"href":"https:\/\/www.acten.com\/de\/wp-json\/wp\/v2\/comments?post=8092"}],"version-history":[{"count":9,"href":"https:\/\/www.acten.com\/de\/wp-json\/wp\/v2\/pages\/8092\/revisions"}],"predecessor-version":[{"id":12832,"href":"https:\/\/www.acten.com\/de\/wp-json\/wp\/v2\/pages\/8092\/revisions\/12832"}],"wp:attachment":[{"href":"https:\/\/www.acten.com\/de\/wp-json\/wp\/v2\/media?parent=8092"}],"curies":[{"name":"wp","href":"https:\/\/api.w.org\/{rel}","templated":true}]}}